{"id":59,"date":"2016-09-05T16:01:09","date_gmt":"2016-09-05T19:01:09","guid":{"rendered":"http:\/\/www.teakrc.com\/?page_id=59"},"modified":"2020-04-27T16:48:31","modified_gmt":"2020-04-27T19:48:31","slug":"home","status":"publish","type":"page","link":"https:\/\/www.teakrc.com\/zh\/","title":{"rendered":"Home"},"content":{"rendered":"<p>[vc_row][vc_column][vc_column_text]<div id=\"metaslider-id-1296\" style=\"max-width: 1180px; margin: 0 auto;\" class=\"ml-slider-3-100-1 metaslider metaslider-flex metaslider-1296 ml-slider ms-theme-default nav-hidden nav-hidden nav-hidden\" role=\"region\" aria-label=\"Home ZN\" data-height=\"600\" data-width=\"1180\">\n    <div id=\"metaslider_container_1296\">\n        <div id=\"metaslider_1296\">\n            <ul class='slides'>\n                <li style=\"display: block; width: 100%;\" class=\"slide-1297 ms-image \" aria-roledescription=\"slide\" data-date=\"2020-04-07 20:00:56\"><a href=\"https:\/\/www.teakrc.com\/zh\/contact\/\" target=\"_blank\" aria-label=\"View Slide Details\" class=\"metaslider_image_link\"><img loading=\"lazy\" decoding=\"async\" src=\"https:\/\/www.teakrc.com\/wp-content\/uploads\/2020\/04\/teak-\u67da\u6728.jpg\" height=\"600\" width=\"1180\" alt=\"teak-\u67da\u6728\" class=\"slider-1296 slide-1297 msDefaultImage\" title=\"teak-\u67da\u6728\" \/><\/a><\/li>\n                <li style=\"display: none; width: 100%;\" class=\"slide-1298 ms-image \" aria-roledescription=\"slide\" data-date=\"2020-04-07 20:02:40\"><a href=\"https:\/\/www.teakrc.com\/zh\/contact\/\" target=\"_blank\" aria-label=\"View Slide Details\" class=\"metaslider_image_link\"><img loading=\"lazy\" decoding=\"async\" src=\"https:\/\/www.teakrc.com\/wp-content\/uploads\/2020\/04\/logs-\u539f\u6728.jpg\" height=\"600\" width=\"1180\" alt=\"\" class=\"slider-1296 slide-1298 msDefaultImage\" title=\"logs-\u539f\u6728\" \/><\/a><\/li>\n                <li style=\"display: none; width: 100%;\" class=\"slide-1299 ms-image \" aria-roledescription=\"slide\" data-date=\"2020-04-07 20:03:17\"><a href=\"https:\/\/www.teakrc.com\/zh\/contact\/\" target=\"_self\" aria-label=\"View Slide Details\" class=\"metaslider_image_link\"><img loading=\"lazy\" decoding=\"async\" src=\"https:\/\/www.teakrc.com\/wp-content\/uploads\/2020\/04\/squares-\u6728\u6761.jpg\" height=\"600\" width=\"1180\" alt=\"\" class=\"slider-1296 slide-1299 msDefaultImage\" title=\"squares-\u6728\u6761\" \/><\/a><\/li>\n                <li style=\"display: none; width: 100%;\" class=\"slide-1300 ms-image \" aria-roledescription=\"slide\" data-date=\"2020-04-07 20:03:33\"><a href=\"https:\/\/www.teakrc.com\/zh\/contact\/\" target=\"_blank\" aria-label=\"View Slide Details\" class=\"metaslider_image_link\"><img loading=\"lazy\" decoding=\"async\" src=\"https:\/\/www.teakrc.com\/wp-content\/uploads\/2020\/04\/lumber-\u5c42\u677f.jpg\" height=\"600\" width=\"1180\" alt=\"\" class=\"slider-1296 slide-1300 msDefaultImage\" title=\"lumber-\u5c42\u677f\" \/><\/a><\/li>\n                <li style=\"display: none; width: 100%;\" class=\"slide-1301 ms-image \" aria-roledescription=\"slide\" data-date=\"2020-04-07 20:03:50\"><a href=\"https:\/\/www.teakrc.com\/zh\/contact\/\" target=\"_self\" aria-label=\"View Slide Details\" class=\"metaslider_image_link\"><img loading=\"lazy\" decoding=\"async\" src=\"https:\/\/www.teakrc.com\/wp-content\/uploads\/2020\/04\/company-\u516c\u53f8.jpg\" height=\"600\" width=\"1180\" alt=\"\" class=\"slider-1296 slide-1301 msDefaultImage\" title=\"company-\u516c\u53f8\" \/><\/a><\/li>\n            <\/ul>\n        <\/div>\n        \n    <\/div>\n<\/div>[\/vc_column_text][vc_video link=&#8221;https:\/\/www.youtube.com\/watch?v=mWlgduxasdk&amp;feature=youtu.be&#8221; align=&#8221;center&#8221;][\/vc_column][\/vc_row][vc_row][vc_column width=&#8221;1\/4&#8243;][vc_single_image image=&#8221;1270&#8243; img_size=&#8221;full&#8221; alignment=&#8221;center&#8221; onclick=&#8221;custom_link&#8221; link=&#8221;http:\/\/www.teakrc.com\/logs\/&#8221;][\/vc_column][vc_column width=&#8221;1\/4&#8243;][vc_single_image image=&#8221;1323&#8243; img_size=&#8221;full&#8221; alignment=&#8221;center&#8221; onclick=&#8221;custom_link&#8221; link=&#8221;http:\/\/www.teakrc.com\/squares\/&#8221;][\/vc_column][vc_column width=&#8221;1\/4&#8243;][vc_single_image image=&#8221;1322&#8243; img_size=&#8221;full&#8221; alignment=&#8221;center&#8221; onclick=&#8221;custom_link&#8221; link=&#8221;http:\/\/www.teakrc.com\/lumber\/&#8221;][\/vc_column][vc_column width=&#8221;1\/4&#8243;][vc_single_image image=&#8221;1321&#8243; img_size=&#8221;full&#8221; alignment=&#8221;center&#8221; onclick=&#8221;custom_link&#8221; link=&#8221;http:\/\/www.teakrc.com\/biomass\/&#8221;][\/vc_column][\/vc_row][vc_row][vc_column][vc_separator]<div class=\"vc_col-sm-4 wpb_column\"><div class=\"picture\"><a href=\"https:\/\/www.teakrc.com\/zh\/trc-lanca-a-campanha-de-30-anos\/\"><img loading=\"lazy\" decoding=\"async\" width=\"380\" height=\"240\" src=\"https:\/\/www.teakrc.com\/wp-content\/uploads\/2023\/11\/TRC-30anos-01-380x240.png\" class=\"attachment-portfolio-thumb size-portfolio-thumb wp-post-image\" alt=\"\" srcset=\"https:\/\/www.teakrc.com\/wp-content\/uploads\/2023\/11\/TRC-30anos-01-380x240.png 380w, https:\/\/www.teakrc.com\/wp-content\/uploads\/2023\/11\/TRC-30anos-01-580x366.png 580w\" sizes=\"auto, (max-width: 380px) 100vw, 380px\" \/><div class=\"image-overlay-link\"><\/div><\/a><\/div> <div class=\"item-description\"><h5><a href=\"https:\/\/www.teakrc.com\/zh\/trc-lanca-a-campanha-de-30-anos\/\">(Portugu\u00eas do Brasil) TRC Lan\u00e7a a Campanha de 30 Anos<\/a><\/h5><p><\/p> <\/div><\/div><div class=\"vc_col-sm-4 wpb_column\"><div class=\"picture\"><a href=\"https:\/\/www.teakrc.com\/zh\/trc-experience-operacoes-florestais-em-foco\/\"><img loading=\"lazy\" decoding=\"async\" width=\"380\" height=\"240\" src=\"https:\/\/www.teakrc.com\/wp-content\/uploads\/2023\/10\/TRC-Experience_Mecfor-380x240.jpg\" class=\"attachment-portfolio-thumb size-portfolio-thumb wp-post-image\" alt=\"\" srcset=\"https:\/\/www.teakrc.com\/wp-content\/uploads\/2023\/10\/TRC-Experience_Mecfor-380x240.jpg 380w, https:\/\/www.teakrc.com\/wp-content\/uploads\/2023\/10\/TRC-Experience_Mecfor-580x366.jpg 580w\" sizes=\"auto, (max-width: 380px) 100vw, 380px\" \/><div class=\"image-overlay-link\"><\/div><\/a><\/div> <div class=\"item-description\"><h5><a href=\"https:\/\/www.teakrc.com\/zh\/trc-experience-operacoes-florestais-em-foco\/\">(Portugu\u00eas do Brasil) TRC Experience: Opera\u00e7\u00f5es Florestais em Foco!<\/a><\/h5><p><\/p> <\/div><\/div><div class=\"vc_col-sm-4 wpb_column\"><div class=\"picture\"><a href=\"https:\/\/www.teakrc.com\/zh\/trc-em-acao-na-v-mecfor\/\"><img loading=\"lazy\" decoding=\"async\" width=\"380\" height=\"240\" src=\"https:\/\/www.teakrc.com\/wp-content\/uploads\/2023\/10\/MECFOR_TRC_Fotos-10-380x240.jpg\" class=\"attachment-portfolio-thumb size-portfolio-thumb wp-post-image\" alt=\"\" srcset=\"https:\/\/www.teakrc.com\/wp-content\/uploads\/2023\/10\/MECFOR_TRC_Fotos-10-380x240.jpg 380w, https:\/\/www.teakrc.com\/wp-content\/uploads\/2023\/10\/MECFOR_TRC_Fotos-10-580x366.jpg 580w\" sizes=\"auto, (max-width: 380px) 100vw, 380px\" \/><div class=\"image-overlay-link\"><\/div><\/a><\/div> <div class=\"item-description\"><h5><a href=\"https:\/\/www.teakrc.com\/zh\/trc-em-acao-na-v-mecfor\/\">(Portugu\u00eas do Brasil) TRC em a\u00e7\u00e3o na V Mecfor<\/a><\/h5><p><\/p> <\/div><\/div><br class=\"clear\" \/>[\/vc_column][\/vc_row]<\/p>","protected":false},"excerpt":{"rendered":"<p>[vc_row][vc_column][vc_column_text][\/vc_column_text][vc<\/p>\n","protected":false},"author":1,"featured_media":0,"parent":0,"menu_order":0,"comment_status":"closed","ping_status":"closed","template":"template-home.php","meta":{"footnotes":""},"class_list":["post-59","page","type-page","status-publish","hentry","has-thumbnail"],"_links":{"self":[{"href":"https:\/\/www.teakrc.com\/zh\/wp-json\/wp\/v2\/pages\/59","targetHints":{"allow":["GET"]}}],"collection":[{"href":"https:\/\/www.teakrc.com\/zh\/wp-json\/wp\/v2\/pages"}],"about":[{"href":"https:\/\/www.teakrc.com\/zh\/wp-json\/wp\/v2\/types\/page"}],"author":[{"embeddable":true,"href":"https:\/\/www.teakrc.com\/zh\/wp-json\/wp\/v2\/users\/1"}],"replies":[{"embeddable":true,"href":"https:\/\/www.teakrc.com\/zh\/wp-json\/wp\/v2\/comments?post=59"}],"version-history":[{"count":144,"href":"https:\/\/www.teakrc.com\/zh\/wp-json\/wp\/v2\/pages\/59\/revisions"}],"predecessor-version":[{"id":1324,"href":"https:\/\/www.teakrc.com\/zh\/wp-json\/wp\/v2\/pages\/59\/revisions\/1324"}],"wp:attachment":[{"href":"https:\/\/www.teakrc.com\/zh\/wp-json\/wp\/v2\/media?parent=59"}],"curies":[{"name":"wp","href":"https:\/\/api.w.org\/{rel}","templated":true}]}}