{"id":52,"date":"2016-09-05T15:55:32","date_gmt":"2016-09-05T18:55:32","guid":{"rendered":"http:\/\/www.teakrc.com\/?page_id=52"},"modified":"2026-02-26T19:14:52","modified_gmt":"2026-02-26T22:14:52","slug":"contact","status":"publish","type":"page","link":"https:\/\/www.teakrc.com\/zh\/contact\/","title":{"rendered":"\u8054\u7cfb\u65b9\u5f0f"},"content":{"rendered":"<p>[vc_row][vc_column][vc_column_text][\/vc_column_text][\/vc_column][\/vc_row][vc_row][vc_column width=&#8221;1\/3&#8243;][vc_column_text css=&#8221;.vc_custom_1590515120886{margin-bottom: 15px !important;}&#8221;]<strong><span style=\"color: #37815e;\"><strong>\u65b0\u52a0\u5761 \/ \u4e9a\u6d32<\/strong><br \/>\n<\/span><\/strong><span style=\"font-weight: 400;\">Bencoolen Street #11-06, 175A<br \/>\n<\/span><span style=\"font-weight: 400;\">Burlington Square 189650 \u2013 Singapore <\/span><span style=\"font-weight: 400;\"><br \/>\n<\/span><span style=\"font-weight: 400;\">\u7535\u8bdd (+65) 6294.9240<br \/>\n<\/span>[\/vc_column_text][vc_column_text css=&#8221;.vc_custom_1597327906657{margin-bottom: 15px !important;}&#8221;]<strong><span style=\"color: #37815e;\"><strong>\u53f0\u6e7e\/ \u4e9a\u6d32<\/strong><\/span><\/strong><span style=\"font-weight: 400;\"><strong><span style=\"color: #37815e;\"><br \/>\n<\/span><\/strong>6F-2, No. 173, Section 1,<br \/>\nDatong Road, East District<br \/>\nCity: Tainan &#8211; Zip Code: 701<br \/>\n\u7535\u8bdd (+886) 907242829<br \/>\n<\/span>[\/vc_column_text][vc_column_text css=&#8221;.vc_custom_1590515133920{margin-bottom: 15px !important;}&#8221;]<strong><span style=\"color: #37815e;\"><strong>\u5723\u4fdd\u7f57 \/ \u5df4\u897f<\/strong><br \/>\n<\/span><\/strong><span style=\"font-weight: 400;\">Hurlingham Ave, 104 \u2013 Helv\u00e9tia<br \/>\n<\/span><span style=\"font-weight: 400;\">13337-564 \u2013 Indaiatuba\/SP <\/span><span style=\"font-weight: 400;\"><br \/>\n<\/span><span style=\"font-weight: 400;\">\u7535\u8bdd (+55 19) 3801.9848<br \/>\n<\/span>[\/vc_column_text][vc_column_text css=&#8221;.vc_custom_1691414013325{margin-bottom: 15px !important;}&#8221;]<strong><span style=\"color: #37815e;\"><span style=\"font-weight: 400;\"><strong>\u9a6c\u6258\u683c\u7f57\u7d22 \/ \u5df4\u897f<\/strong> <\/span><br \/>\n<\/span><\/strong><span style=\"font-weight: 400;\">M. Castelo Branco Ave, 731 \u2013 S\u00e3o Luiz da Ponte<br \/>\n78205-115 \u2013 C\u00e1ceres\/MT <\/span><span style=\"font-weight: 400;\"><br \/>\n<\/span><span style=\"font-weight: 400;\">\u7535\u8bdd (+55 65) 4063.0102<\/span>[\/vc_column_text][vc_column_text]<strong><span style=\"color: #37815e;\"><strong>\u5e15\u62c9 \/ \u5df4\u897f<\/strong><br \/>\n<\/span><\/strong><span style=\"font-weight: 400;\">Brasil Ave<br \/>\n<\/span><span style=\"font-weight: 400;\">68558-005 \u2013 Reden\u00e7\u00e3o\/PA\u00a0<\/span><span style=\"font-weight: 400;\"><br \/>\n<\/span><span style=\"font-weight: 400;\">\u7535\u8bdd (+55 94) 3017.0000<\/span>[\/vc_column_text][vc_separator][vc_column_text]<strong>\u9500\u552e\u4ee3\u8868<br \/>\n\u5947\u74e6\u74e6\/\u58a8\u897f\u54e5<span style=\"color: #37815e;\"><br \/>\n<\/span><\/strong><span style=\"font-weight: 400;\"><span class=\"wysiwyg-color-black\">Mercurio, 3911 &#8211; Col. Sat\u00e9lite<\/span><br \/>\n<span class=\"wysiwyg-color-black\">31104 &#8211; Chihuahua, Chih Mexico<\/span><br \/>\n<span class=\"wysiwyg-color-black\">\u7535\u8bdd (+52 614) 417-4921 \/\u00a07090-0908<\/span><br \/>\n<\/span>[\/vc_column_text][\/vc_column][vc_column width=&#8221;1\/3&#8243;][vc_column_text]\u9009\u62e9\u60a8\u60f3\u8981\u7684\u8054\u7cfb\u7ba1\u9053[\/vc_column_text][vc_tta_accordion active_section=&#8221;30&#8243; collapsible_all=&#8221;true&#8221;][vc_tta_section title=&#8221;\u5ba2\u670d&#8221; tab_id=&#8221;1556048135579-4466e61d-59ce&#8221;][vc_column_text]\n<div class=\"wpcf7 no-js\" id=\"wpcf7-f1304-o9\" lang=\"pt-BR\" dir=\"ltr\" data-wpcf7-id=\"1304\">\n<div class=\"screen-reader-response\"><p role=\"status\" aria-live=\"polite\" aria-atomic=\"true\"><\/p> <ul><\/ul><\/div>\n<form action=\"\/zh\/wp-json\/wp\/v2\/pages\/52#wpcf7-f1304-o9\" method=\"post\" class=\"wpcf7-form init\" aria-label=\"Formul\u00e1rios de contato\" novalidate=\"novalidate\" data-status=\"init\">\n<fieldset class=\"hidden-fields-container\"><input type=\"hidden\" name=\"_wpcf7\" value=\"1304\" \/><input type=\"hidden\" name=\"_wpcf7_version\" value=\"6.1\" \/><input type=\"hidden\" name=\"_wpcf7_locale\" value=\"pt_BR\" \/><input type=\"hidden\" name=\"_wpcf7_unit_tag\" value=\"wpcf7-f1304-o9\" \/><input type=\"hidden\" name=\"_wpcf7_container_post\" value=\"0\" \/><input type=\"hidden\" name=\"_wpcf7_posted_data_hash\" value=\"\" \/><input type=\"hidden\" name=\"_wpcf7_recaptcha_response\" value=\"\" \/>\n<\/fieldset>\n<p><label> \u4f60\u7684\u540d\u5b57 (\u9700\u8981)<br \/>\n<span class=\"wpcf7-form-control-wrap\" data-name=\"your-name\"><input size=\"40\" maxlength=\"400\" class=\"wpcf7-form-control wpcf7-text wpcf7-validates-as-required\" aria-required=\"true\" aria-invalid=\"false\" value=\"\" type=\"text\" name=\"your-name\" \/><\/span> <\/label>\n<\/p>\n<p><label> \u4f60\u7684\u90ae\u4ef6 (\u9700\u8981)<br \/>\n<span class=\"wpcf7-form-control-wrap\" data-name=\"your-email\"><input size=\"40\" maxlength=\"400\" class=\"wpcf7-form-control wpcf7-email wpcf7-validates-as-required wpcf7-text wpcf7-validates-as-email\" aria-required=\"true\" aria-invalid=\"false\" value=\"\" type=\"email\" name=\"your-email\" \/><\/span> <\/label>\n<\/p>\n<p><label> \u4e3b\u9898 (\u9700\u8981)<br \/>\n<span class=\"wpcf7-form-control-wrap\" data-name=\"your-subject\"><input size=\"40\" maxlength=\"400\" class=\"wpcf7-form-control wpcf7-text wpcf7-validates-as-required\" aria-required=\"true\" aria-invalid=\"false\" value=\"\" type=\"text\" name=\"your-subject\" \/><\/span> <\/label>\n<\/p>\n<p><label> \u8baf\u606f<br \/>\n<span class=\"wpcf7-form-control-wrap\" data-name=\"your-message\"><textarea cols=\"40\" rows=\"10\" maxlength=\"2000\" class=\"wpcf7-form-control wpcf7-textarea\" aria-invalid=\"false\" name=\"your-message\"><\/textarea><\/span> <\/label>\n<\/p>\n<p><input class=\"wpcf7-form-control wpcf7-submit has-spinner\" type=\"submit\" value=\"\u63d0\u4ea4\" \/>\n<\/p><div class=\"wpcf7-response-output\" aria-hidden=\"true\"><\/div>\n<\/form>\n<\/div>\n[\/vc_column_text][\/vc_tta_section][vc_tta_section title=&#8221;\u4eba\u529b\u8d44\u6e90&#8221; tab_id=&#8221;1556048796767-24d00727-e8ea&#8221;][vc_column_text]\n<div class=\"wpcf7 no-js\" id=\"wpcf7-f1308-o10\" lang=\"pt-BR\" dir=\"ltr\" data-wpcf7-id=\"1308\">\n<div class=\"screen-reader-response\"><p role=\"status\" aria-live=\"polite\" aria-atomic=\"true\"><\/p> <ul><\/ul><\/div>\n<form action=\"\/zh\/wp-json\/wp\/v2\/pages\/52#wpcf7-f1308-o10\" method=\"post\" class=\"wpcf7-form init\" aria-label=\"Formul\u00e1rios de contato\" novalidate=\"novalidate\" data-status=\"init\">\n<fieldset class=\"hidden-fields-container\"><input type=\"hidden\" name=\"_wpcf7\" value=\"1308\" \/><input type=\"hidden\" name=\"_wpcf7_version\" value=\"6.1\" \/><input type=\"hidden\" name=\"_wpcf7_locale\" value=\"pt_BR\" \/><input type=\"hidden\" name=\"_wpcf7_unit_tag\" value=\"wpcf7-f1308-o10\" \/><input type=\"hidden\" name=\"_wpcf7_container_post\" value=\"0\" \/><input type=\"hidden\" name=\"_wpcf7_posted_data_hash\" value=\"\" \/><input type=\"hidden\" name=\"_wpcf7_recaptcha_response\" value=\"\" \/>\n<\/fieldset>\n<p><label> \u4f60\u7684\u540d\u5b57 (\u9700\u8981)<br \/>\n<span class=\"wpcf7-form-control-wrap\" data-name=\"your-name\"><input size=\"40\" maxlength=\"400\" class=\"wpcf7-form-control wpcf7-text wpcf7-validates-as-required\" aria-required=\"true\" aria-invalid=\"false\" value=\"\" type=\"text\" name=\"your-name\" \/><\/span> <\/label>\n<\/p>\n<p><label> \u4f60\u7684\u90ae\u4ef6 (\u9700\u8981)<br \/>\n<span class=\"wpcf7-form-control-wrap\" data-name=\"your-email\"><input size=\"40\" maxlength=\"400\" class=\"wpcf7-form-control wpcf7-email wpcf7-validates-as-required wpcf7-text wpcf7-validates-as-email\" aria-required=\"true\" aria-invalid=\"false\" value=\"\" type=\"email\" name=\"your-email\" \/><\/span> <\/label>\n<\/p>\n<p><label> \u4e3b\u9898 (\u9700\u8981)<br \/>\n<span class=\"wpcf7-form-control-wrap\" data-name=\"your-subject\"><input size=\"40\" maxlength=\"400\" class=\"wpcf7-form-control wpcf7-text wpcf7-validates-as-required\" aria-required=\"true\" aria-invalid=\"false\" value=\"\" type=\"text\" name=\"your-subject\" \/><\/span> <\/label>\n<\/p>\n<p><label> \u8baf\u606f<br \/>\n<span class=\"wpcf7-form-control-wrap\" data-name=\"your-message\"><textarea cols=\"40\" rows=\"10\" maxlength=\"2000\" class=\"wpcf7-form-control wpcf7-textarea\" aria-invalid=\"false\" name=\"your-message\"><\/textarea><\/span> <\/label>\n<\/p>\n<p><input class=\"wpcf7-form-control wpcf7-submit has-spinner\" type=\"submit\" value=\"\u63d0\u4ea4\" \/>\n<\/p><div class=\"wpcf7-response-output\" aria-hidden=\"true\"><\/div>\n<\/form>\n<\/div>\n[\/vc_column_text][\/vc_tta_section][\/vc_tta_accordion][\/vc_column][vc_column width=&#8221;1\/3&#8243; css=&#8221;.vc_custom_1474475174153{padding-left: 40px !important;}&#8221;][vc_single_image image=&#8221;1343&#8243; img_size=&#8221;full&#8221; alignment=&#8221;center&#8221; onclick=&#8221;custom_link&#8221; link=&#8221;https:\/\/www.teakrc.com\/logs\/&#8221; css=&#8221;.vc_custom_1588169734460{margin-bottom: 2px !important;}&#8221;][vc_single_image image=&#8221;1342&#8243; img_size=&#8221;full&#8221; alignment=&#8221;center&#8221; onclick=&#8221;custom_link&#8221; link=&#8221;https:\/\/www.teakrc.com\/squares\/&#8221; css=&#8221;.vc_custom_1588169750060{margin-bottom: 2px !important;}&#8221;][vc_single_image image=&#8221;1344&#8243; img_size=&#8221;full&#8221; alignment=&#8221;center&#8221; onclick=&#8221;custom_link&#8221; link=&#8221;https:\/\/www.teakrc.com\/lumber\/&#8221; css=&#8221;.vc_custom_1588169764847{margin-bottom: 2px !important;}&#8221;][vc_single_image image=&#8221;1345&#8243; img_size=&#8221;full&#8221; alignment=&#8221;center&#8221; onclick=&#8221;custom_link&#8221; link=&#8221;https:\/\/www.teakrc.com\/biomass\/&#8221; css=&#8221;.vc_custom_1588169779632{margin-bottom: 2px !important;}&#8221;][\/vc_column][\/vc_row][vc_row][vc_column][vc_separator]<div class=\"vc_col-sm-4 wpb_column\"><div class=\"picture\"><a href=\"https:\/\/www.teakrc.com\/zh\/trc-lanca-a-campanha-de-30-anos\/\"><img loading=\"lazy\" decoding=\"async\" width=\"380\" height=\"240\" src=\"https:\/\/www.teakrc.com\/wp-content\/uploads\/2023\/11\/TRC-30anos-01-380x240.png\" class=\"attachment-portfolio-thumb size-portfolio-thumb wp-post-image\" alt=\"\" srcset=\"https:\/\/www.teakrc.com\/wp-content\/uploads\/2023\/11\/TRC-30anos-01-380x240.png 380w, https:\/\/www.teakrc.com\/wp-content\/uploads\/2023\/11\/TRC-30anos-01-580x366.png 580w\" sizes=\"auto, (max-width: 380px) 100vw, 380px\" \/><div class=\"image-overlay-link\"><\/div><\/a><\/div> <div class=\"item-description\"><h5><a href=\"https:\/\/www.teakrc.com\/zh\/trc-lanca-a-campanha-de-30-anos\/\">(Portugu\u00eas do Brasil) TRC Lan\u00e7a a Campanha de 30 Anos<\/a><\/h5><p><\/p> <\/div><\/div><div class=\"vc_col-sm-4 wpb_column\"><div class=\"picture\"><a href=\"https:\/\/www.teakrc.com\/zh\/trc-experience-operacoes-florestais-em-foco\/\"><img loading=\"lazy\" decoding=\"async\" width=\"380\" height=\"240\" src=\"https:\/\/www.teakrc.com\/wp-content\/uploads\/2023\/10\/TRC-Experience_Mecfor-380x240.jpg\" class=\"attachment-portfolio-thumb size-portfolio-thumb wp-post-image\" alt=\"\" srcset=\"https:\/\/www.teakrc.com\/wp-content\/uploads\/2023\/10\/TRC-Experience_Mecfor-380x240.jpg 380w, https:\/\/www.teakrc.com\/wp-content\/uploads\/2023\/10\/TRC-Experience_Mecfor-580x366.jpg 580w\" sizes=\"auto, (max-width: 380px) 100vw, 380px\" \/><div class=\"image-overlay-link\"><\/div><\/a><\/div> <div class=\"item-description\"><h5><a href=\"https:\/\/www.teakrc.com\/zh\/trc-experience-operacoes-florestais-em-foco\/\">(Portugu\u00eas do Brasil) TRC Experience: Opera\u00e7\u00f5es Florestais em Foco!<\/a><\/h5><p><\/p> <\/div><\/div><div class=\"vc_col-sm-4 wpb_column\"><div class=\"picture\"><a href=\"https:\/\/www.teakrc.com\/zh\/trc-em-acao-na-v-mecfor\/\"><img loading=\"lazy\" decoding=\"async\" width=\"380\" height=\"240\" src=\"https:\/\/www.teakrc.com\/wp-content\/uploads\/2023\/10\/MECFOR_TRC_Fotos-10-380x240.jpg\" class=\"attachment-portfolio-thumb size-portfolio-thumb wp-post-image\" alt=\"\" srcset=\"https:\/\/www.teakrc.com\/wp-content\/uploads\/2023\/10\/MECFOR_TRC_Fotos-10-380x240.jpg 380w, https:\/\/www.teakrc.com\/wp-content\/uploads\/2023\/10\/MECFOR_TRC_Fotos-10-580x366.jpg 580w\" sizes=\"auto, (max-width: 380px) 100vw, 380px\" \/><div class=\"image-overlay-link\"><\/div><\/a><\/div> <div class=\"item-description\"><h5><a href=\"https:\/\/www.teakrc.com\/zh\/trc-em-acao-na-v-mecfor\/\">(Portugu\u00eas do Brasil) TRC em a\u00e7\u00e3o na V Mecfor<\/a><\/h5><p><\/p> <\/div><\/div><br class=\"clear\" \/>[\/vc_column][\/vc_row][vc_row][vc_column][vc_column_text][\/vc_column_text][\/vc_column][\/vc_row]<\/p>","protected":false},"excerpt":{"rendered":"<p>[vc_row][vc_column][vc_column_text][\/vc_column_text][\/v<\/p>\n","protected":false},"author":1,"featured_media":0,"parent":0,"menu_order":0,"comment_status":"closed","ping_status":"closed","template":"","meta":{"footnotes":""},"class_list":["post-52","page","type-page","status-publish","hentry","has-thumbnail"],"_links":{"self":[{"href":"https:\/\/www.teakrc.com\/zh\/wp-json\/wp\/v2\/pages\/52","targetHints":{"allow":["GET"]}}],"collection":[{"href":"https:\/\/www.teakrc.com\/zh\/wp-json\/wp\/v2\/pages"}],"about":[{"href":"https:\/\/www.teakrc.com\/zh\/wp-json\/wp\/v2\/types\/page"}],"author":[{"embeddable":true,"href":"https:\/\/www.teakrc.com\/zh\/wp-json\/wp\/v2\/users\/1"}],"replies":[{"embeddable":true,"href":"https:\/\/www.teakrc.com\/zh\/wp-json\/wp\/v2\/comments?post=52"}],"version-history":[{"count":79,"href":"https:\/\/www.teakrc.com\/zh\/wp-json\/wp\/v2\/pages\/52\/revisions"}],"predecessor-version":[{"id":1976,"href":"https:\/\/www.teakrc.com\/zh\/wp-json\/wp\/v2\/pages\/52\/revisions\/1976"}],"wp:attachment":[{"href":"https:\/\/www.teakrc.com\/zh\/wp-json\/wp\/v2\/media?parent=52"}],"curies":[{"name":"wp","href":"https:\/\/api.w.org\/{rel}","templated":true}]}}