{"id":52,"date":"2016-09-05T15:55:32","date_gmt":"2016-09-05T18:55:32","guid":{"rendered":"http:\/\/www.teakrc.com\/?page_id=52"},"modified":"2026-02-26T19:14:52","modified_gmt":"2026-02-26T22:14:52","slug":"contact","status":"publish","type":"page","link":"https:\/\/www.teakrc.com\/pb\/contact\/","title":{"rendered":"CONTATO"},"content":{"rendered":"<p>[vc_row][vc_column][vc_column_text][\/vc_column_text][\/vc_column][\/vc_row][vc_row][vc_column width=&#8221;1\/3&#8243;][vc_column_text css=&#8221;.vc_custom_1590514926067{margin-bottom: 15px !important;}&#8221;]<strong><span style=\"color: #37815e;\">CINGAPURA \/ ASIA<br \/>\n<\/span><\/strong>175A Bencoolen Street #11-06<br \/>\nBurlington Square, 189650 &#8211; Cingapura<br \/>\nOffice (+65) 6294.9240[\/vc_column_text][vc_column_text css=&#8221;.vc_custom_1597079084214{margin-bottom: 15px !important;}&#8221;]<strong><span style=\"color: #37815e;\">TAIWAN \/ ASIA<br \/>\n<\/span><\/strong>6F-2, No. 173, Section 1,<br \/>\nDatong Road, East District<br \/>\nCidade: Tainan &#8211; C\u00f3digo Postal: 701<br \/>\nOffice +886907242829[\/vc_column_text][vc_column_text css=&#8221;.vc_custom_1590514943824{margin-bottom: 15px !important;}&#8221;]<strong><span style=\"color: #37815e;\">S\u00c3O PAULO\u00a0\/ BRASIL<br \/>\n<\/span><\/strong>Av. Hurlingham, 104 &#8211; Bairro Helv\u00e9tia<br \/>\n13337-564 &#8211; Indaiatuba\/SP<br \/>\nTelefone (+55 19) 3801.9848[\/vc_column_text][vc_column_text css=&#8221;.vc_custom_1691413980080{margin-bottom: 15px !important;}&#8221;]<strong><span style=\"color: #37815e;\">MATO GROSSO\u00a0\/ BRASIL<br \/>\n<\/span><\/strong>Av. M. Castelo Branco, 731 &#8211; Jardim S\u00e3o Luiz da Ponte<br \/>\n78205-115 &#8211; C\u00e1ceres-MT<br \/>\nTelefone (+55 65) 4063.0102[\/vc_column_text][vc_column_text]<strong><span style=\"color: #37815e;\">PAR\u00c1\u00a0\/ BRASIL<br \/>\n<\/span><\/strong>Avenida Brasil, s\/n<br \/>\nQuadra 29 \/ Lote 03<br \/>\nPark dos Buritis<br \/>\n68552-735 \u2013 Reden\u00e7\u00e3o\/PA<br \/>\nTelefone (+55 94) 3017.0000[\/vc_column_text][vc_separator][vc_column_text]<strong><span style=\"color: #37815e;\">REPRESENTA\u00c7\u00c3O DE VENDAS<br \/>\nCHIHUAHUA \/ M\u00c9XICO<br \/>\n<\/span><\/strong><span class=\"wysiwyg-color-black\">Mercurio, 3911 &#8211; Col. Sat\u00e9lite<\/span><br \/>\n<span class=\"wysiwyg-color-black\">31104 &#8211; Chihuahua, Chih M\u00e9xico<\/span><br \/>\n<span class=\"wysiwyg-color-black\">Telefone (+52 614) 417-4921 \/\u00a07090-0908<\/span>[\/vc_column_text][\/vc_column][vc_column width=&#8221;1\/3&#8243;][vc_column_text]<\/p>\n<h4>FORMUL\u00c1RIOS TRC<\/h4>\n<h4>Escolha a op\u00e7\u00e3o que deseja entrar em contato.<\/h4>\n<h4><strong>Fique atento ao objetivo de sua mensagem<\/strong>, para que seu conte\u00fado seja destinado ao <strong>departamento espec\u00edfico da TRC<\/strong>.<\/h4>\n<p>[\/vc_column_text][vc_tta_accordion active_section=&#8221;30&#8243; collapsible_all=&#8221;true&#8221;][vc_tta_section title=&#8221;Comercial&#8221; tab_id=&#8221;1556048135595-074aefcb-4221&#8243;][vc_column_text]<strong>IMPORTANTE:<\/strong><br \/>\nEste formul\u00e1rio destina-se aos contatos que desejam<br \/>\n<strong>realizar compra de produtos da TRC<\/strong> ou obter<br \/>\n<strong>or\u00e7amentos e informa\u00e7\u00f5es comerciais.<\/strong><\/p>\n<div class=\"wpcf7 no-js\" id=\"wpcf7-f1149-o1\" lang=\"pt-BR\" dir=\"ltr\" data-wpcf7-id=\"1149\">\n<div class=\"screen-reader-response\"><p role=\"status\" aria-live=\"polite\" aria-atomic=\"true\"><\/p> <ul><\/ul><\/div>\n<form action=\"\/pb\/wp-json\/wp\/v2\/pages\/52#wpcf7-f1149-o1\" method=\"post\" class=\"wpcf7-form init\" aria-label=\"Formul\u00e1rios de contato\" novalidate=\"novalidate\" data-status=\"init\">\n<fieldset class=\"hidden-fields-container\"><input type=\"hidden\" name=\"_wpcf7\" value=\"1149\" \/><input type=\"hidden\" name=\"_wpcf7_version\" value=\"6.1\" \/><input type=\"hidden\" name=\"_wpcf7_locale\" value=\"pt_BR\" \/><input type=\"hidden\" name=\"_wpcf7_unit_tag\" value=\"wpcf7-f1149-o1\" \/><input type=\"hidden\" name=\"_wpcf7_container_post\" value=\"0\" \/><input type=\"hidden\" name=\"_wpcf7_posted_data_hash\" value=\"\" \/><input type=\"hidden\" name=\"_wpcf7_recaptcha_response\" value=\"\" \/>\n<\/fieldset>\n<p><label> SEU NOME (obrigat\u00f3rio)<br \/>\n<span class=\"wpcf7-form-control-wrap\" data-name=\"your-name\"><input size=\"40\" maxlength=\"400\" class=\"wpcf7-form-control wpcf7-text wpcf7-validates-as-required\" aria-required=\"true\" aria-invalid=\"false\" value=\"\" type=\"text\" name=\"your-name\" \/><\/span> <\/label>\n<\/p>\n<p><label> SEU E-MAIL (obrigat\u00f3rio)<br \/>\n<span class=\"wpcf7-form-control-wrap\" data-name=\"your-email\"><input size=\"40\" maxlength=\"400\" class=\"wpcf7-form-control wpcf7-email wpcf7-validates-as-required wpcf7-text wpcf7-validates-as-email\" aria-required=\"true\" aria-invalid=\"false\" value=\"\" type=\"email\" name=\"your-email\" \/><\/span> <\/label>\n<\/p>\n<p><label> ASSUNTO (obrigat\u00f3rio)<br \/>\n<span class=\"wpcf7-form-control-wrap\" data-name=\"your-subject\"><input size=\"40\" maxlength=\"400\" class=\"wpcf7-form-control wpcf7-text wpcf7-validates-as-required\" aria-required=\"true\" aria-invalid=\"false\" value=\"\" type=\"text\" name=\"your-subject\" \/><\/span> <\/label>\n<\/p>\n<p><label> MENSAGEM<br \/>\n<span class=\"wpcf7-form-control-wrap\" data-name=\"your-message\"><textarea cols=\"40\" rows=\"10\" maxlength=\"2000\" class=\"wpcf7-form-control wpcf7-textarea\" aria-invalid=\"false\" name=\"your-message\"><\/textarea><\/span> <\/label>\n<\/p>\n<p><input class=\"wpcf7-form-control wpcf7-submit has-spinner\" type=\"submit\" value=\"ENVIAR\" \/>\n<\/p><div class=\"wpcf7-response-output\" aria-hidden=\"true\"><\/div>\n<\/form>\n<\/div>\n[\/vc_column_text][\/vc_tta_section][vc_tta_section title=&#8221;Sugest\u00f5es&#8221; tab_id=&#8221;1556048814874-f62d3019-3513&#8243;][vc_column_text]<strong>IMPORTANTE:<\/strong><br \/>\nEste formul\u00e1rio destina-se aos contatos que desejam <strong>contribuir com sugest\u00f5es para a TRC<\/strong>, al\u00e9m de informa\u00e7\u00f5es sobre <strong>as comunidades no entorno das unidades da empresa.<\/strong><\/p>\n<div class=\"wpcf7 no-js\" id=\"wpcf7-f1165-o2\" lang=\"pt-BR\" dir=\"ltr\" data-wpcf7-id=\"1165\">\n<div class=\"screen-reader-response\"><p role=\"status\" aria-live=\"polite\" aria-atomic=\"true\"><\/p> <ul><\/ul><\/div>\n<form action=\"\/pb\/wp-json\/wp\/v2\/pages\/52#wpcf7-f1165-o2\" method=\"post\" class=\"wpcf7-form init\" aria-label=\"Formul\u00e1rios de contato\" novalidate=\"novalidate\" data-status=\"init\">\n<fieldset class=\"hidden-fields-container\"><input type=\"hidden\" name=\"_wpcf7\" value=\"1165\" \/><input type=\"hidden\" name=\"_wpcf7_version\" value=\"6.1\" \/><input type=\"hidden\" name=\"_wpcf7_locale\" value=\"pt_BR\" \/><input type=\"hidden\" name=\"_wpcf7_unit_tag\" value=\"wpcf7-f1165-o2\" \/><input type=\"hidden\" name=\"_wpcf7_container_post\" value=\"0\" \/><input type=\"hidden\" name=\"_wpcf7_posted_data_hash\" value=\"\" \/><input type=\"hidden\" name=\"_wpcf7_recaptcha_response\" value=\"\" \/>\n<\/fieldset>\n<p><label> SEU NOME (obrigat\u00f3rio)<br \/>\n<span class=\"wpcf7-form-control-wrap\" data-name=\"your-name\"><input size=\"40\" maxlength=\"400\" class=\"wpcf7-form-control wpcf7-text wpcf7-validates-as-required\" aria-required=\"true\" aria-invalid=\"false\" value=\"\" type=\"text\" name=\"your-name\" \/><\/span> <\/label>\n<\/p>\n<p><label> SEU E-MAIL (obrigat\u00f3rio)<br \/>\n<span class=\"wpcf7-form-control-wrap\" data-name=\"your-email\"><input size=\"40\" maxlength=\"400\" class=\"wpcf7-form-control wpcf7-email wpcf7-validates-as-required wpcf7-text wpcf7-validates-as-email\" aria-required=\"true\" aria-invalid=\"false\" value=\"\" type=\"email\" name=\"your-email\" \/><\/span> <\/label>\n<\/p>\n<p><label> ASSUNTO (obrigat\u00f3rio)<br \/>\n<span class=\"wpcf7-form-control-wrap\" data-name=\"your-subject\"><input size=\"40\" maxlength=\"400\" class=\"wpcf7-form-control wpcf7-text wpcf7-validates-as-required\" aria-required=\"true\" aria-invalid=\"false\" value=\"\" type=\"text\" name=\"your-subject\" \/><\/span> <\/label>\n<\/p>\n<p><label> MENSAGEM<br \/>\n<span class=\"wpcf7-form-control-wrap\" data-name=\"your-message\"><textarea cols=\"40\" rows=\"10\" maxlength=\"2000\" class=\"wpcf7-form-control wpcf7-textarea\" aria-invalid=\"false\" name=\"your-message\"><\/textarea><\/span> <\/label>\n<\/p>\n<p><input class=\"wpcf7-form-control wpcf7-submit has-spinner\" type=\"submit\" value=\"ENVIAR\" \/>\n<\/p><div class=\"wpcf7-response-output\" aria-hidden=\"true\"><\/div>\n<\/form>\n<\/div>\n[\/vc_column_text][\/vc_tta_section][vc_tta_section title=&#8221;Den\u00fancia&#8221; tab_id=&#8221;1772143985698-7d5a00f3-b2e0&#8243;][vc_column_text]Um espa\u00e7o seguro, confidencial e independente para registrar den\u00fancias de forma respons\u00e1vel. Seu relato \u00e9 importante para fortalecer a \u00e9tica e a integridade no Grupo Agroflor.[\/vc_column_text][vc_btn title=&#8221;Clique Aqui&#8221; style=&#8221;flat&#8221; shape=&#8221;square&#8221; color=&#8221;success&#8221; align=&#8221;center&#8221; link=&#8221;url:https%3A%2F%2Fcanaldedenuncia.com.br%2Fgrupoagroflor%2F||target:%20_blank|&#8221; button_block=&#8221;true&#8221;][\/vc_tta_section][vc_tta_section title=&#8221;Reclama\u00e7\u00f5es&#8221; tab_id=&#8221;1556048830851-09e99846-eacc&#8221;][vc_column_text]<strong>IMPORTANTE:<\/strong><br \/>\nEste formul\u00e1rio destina-se aos contatos que desejam abrir uma <strong>reclama\u00e7\u00e3o formal<\/strong> ou reportar <strong>alguma atividade que n\u00e3o condiz com os valores da TRC.<\/strong><\/p>\n<div class=\"wpcf7 no-js\" id=\"wpcf7-f1169-o3\" lang=\"pt-BR\" dir=\"ltr\" data-wpcf7-id=\"1169\">\n<div class=\"screen-reader-response\"><p role=\"status\" aria-live=\"polite\" aria-atomic=\"true\"><\/p> <ul><\/ul><\/div>\n<form action=\"\/pb\/wp-json\/wp\/v2\/pages\/52#wpcf7-f1169-o3\" method=\"post\" class=\"wpcf7-form init\" aria-label=\"Formul\u00e1rios de contato\" novalidate=\"novalidate\" data-status=\"init\">\n<fieldset class=\"hidden-fields-container\"><input type=\"hidden\" name=\"_wpcf7\" value=\"1169\" \/><input type=\"hidden\" name=\"_wpcf7_version\" value=\"6.1\" \/><input type=\"hidden\" name=\"_wpcf7_locale\" value=\"pt_BR\" \/><input type=\"hidden\" name=\"_wpcf7_unit_tag\" value=\"wpcf7-f1169-o3\" \/><input type=\"hidden\" name=\"_wpcf7_container_post\" value=\"0\" \/><input type=\"hidden\" name=\"_wpcf7_posted_data_hash\" value=\"\" \/><input type=\"hidden\" name=\"_wpcf7_recaptcha_response\" value=\"\" \/>\n<\/fieldset>\n<p><label> SEU NOME (obrigat\u00f3rio)<br \/>\n<span class=\"wpcf7-form-control-wrap\" data-name=\"your-name\"><input size=\"40\" maxlength=\"400\" class=\"wpcf7-form-control wpcf7-text wpcf7-validates-as-required\" aria-required=\"true\" aria-invalid=\"false\" value=\"\" type=\"text\" name=\"your-name\" \/><\/span> <\/label>\n<\/p>\n<p><label> SEU E-MAIL (obrigat\u00f3rio)<br \/>\n<span class=\"wpcf7-form-control-wrap\" data-name=\"your-email\"><input size=\"40\" maxlength=\"400\" class=\"wpcf7-form-control wpcf7-email wpcf7-validates-as-required wpcf7-text wpcf7-validates-as-email\" aria-required=\"true\" aria-invalid=\"false\" value=\"\" type=\"email\" name=\"your-email\" \/><\/span> <\/label>\n<\/p>\n<p><label> ASSUNTO (obrigat\u00f3rio)<br \/>\n<span class=\"wpcf7-form-control-wrap\" data-name=\"your-subject\"><input size=\"40\" maxlength=\"400\" class=\"wpcf7-form-control wpcf7-text wpcf7-validates-as-required\" aria-required=\"true\" aria-invalid=\"false\" value=\"\" type=\"text\" name=\"your-subject\" \/><\/span> <\/label>\n<\/p>\n<p><label> MENSAGEM<br \/>\n<span class=\"wpcf7-form-control-wrap\" data-name=\"your-message\"><textarea cols=\"40\" rows=\"10\" maxlength=\"2000\" class=\"wpcf7-form-control wpcf7-textarea\" aria-invalid=\"false\" name=\"your-message\"><\/textarea><\/span> <\/label>\n<\/p>\n<p><input class=\"wpcf7-form-control wpcf7-submit has-spinner\" type=\"submit\" value=\"ENVIAR\" \/>\n<\/p><div class=\"wpcf7-response-output\" aria-hidden=\"true\"><\/div>\n<\/form>\n<\/div>\n[\/vc_column_text][\/vc_tta_section][vc_tta_section title=&#8221;Informa\u00e7\u00f5es Gerais&#8221; tab_id=&#8221;1662741782633-f7e322eb-0280&#8243;][vc_column_text]<strong>IMPORTANTE:<\/strong><br \/>\nEste formul\u00e1rio foi destina-se para usu\u00e1rios que <strong>desejam obter informa\u00e7\u00f5es gerais sobre TRC.<\/strong><\/p>\n<div class=\"wpcf7 no-js\" id=\"wpcf7-f1153-o4\" lang=\"pt-BR\" dir=\"ltr\" data-wpcf7-id=\"1153\">\n<div class=\"screen-reader-response\"><p role=\"status\" aria-live=\"polite\" aria-atomic=\"true\"><\/p> <ul><\/ul><\/div>\n<form action=\"\/pb\/wp-json\/wp\/v2\/pages\/52#wpcf7-f1153-o4\" method=\"post\" class=\"wpcf7-form init\" aria-label=\"Formul\u00e1rios de contato\" novalidate=\"novalidate\" data-status=\"init\">\n<fieldset class=\"hidden-fields-container\"><input type=\"hidden\" name=\"_wpcf7\" value=\"1153\" \/><input type=\"hidden\" name=\"_wpcf7_version\" value=\"6.1\" \/><input type=\"hidden\" name=\"_wpcf7_locale\" value=\"pt_BR\" \/><input type=\"hidden\" name=\"_wpcf7_unit_tag\" value=\"wpcf7-f1153-o4\" \/><input type=\"hidden\" name=\"_wpcf7_container_post\" value=\"0\" \/><input type=\"hidden\" name=\"_wpcf7_posted_data_hash\" value=\"\" \/><input type=\"hidden\" name=\"_wpcf7_recaptcha_response\" value=\"\" \/>\n<\/fieldset>\n<p><label> SEU NOME (obrigat\u00f3rio)<br \/>\n<span class=\"wpcf7-form-control-wrap\" data-name=\"your-name\"><input size=\"40\" maxlength=\"400\" class=\"wpcf7-form-control wpcf7-text wpcf7-validates-as-required\" aria-required=\"true\" aria-invalid=\"false\" value=\"\" type=\"text\" name=\"your-name\" \/><\/span> <\/label>\n<\/p>\n<p><label> SEU E-MAIL (obrigat\u00f3rio)<br \/>\n<span class=\"wpcf7-form-control-wrap\" data-name=\"your-email\"><input size=\"40\" maxlength=\"400\" class=\"wpcf7-form-control wpcf7-email wpcf7-validates-as-required wpcf7-text wpcf7-validates-as-email\" aria-required=\"true\" aria-invalid=\"false\" value=\"\" type=\"email\" name=\"your-email\" \/><\/span> <\/label>\n<\/p>\n<p><label> ASSUNTO (obrigat\u00f3rio)<br \/>\n<span class=\"wpcf7-form-control-wrap\" data-name=\"your-subject\"><input size=\"40\" maxlength=\"400\" class=\"wpcf7-form-control wpcf7-text wpcf7-validates-as-required\" aria-required=\"true\" aria-invalid=\"false\" value=\"\" type=\"text\" name=\"your-subject\" \/><\/span> <\/label>\n<\/p>\n<p><label> MENSAGEM<br \/>\n<span class=\"wpcf7-form-control-wrap\" data-name=\"your-message\"><textarea cols=\"40\" rows=\"10\" maxlength=\"2000\" class=\"wpcf7-form-control wpcf7-textarea\" aria-invalid=\"false\" name=\"your-message\"><\/textarea><\/span> <\/label>\n<\/p>\n<p><input class=\"wpcf7-form-control wpcf7-submit has-spinner\" type=\"submit\" value=\"ENVIAR\" \/>\n<\/p><div class=\"wpcf7-response-output\" aria-hidden=\"true\"><\/div>\n<\/form>\n<\/div>\n[\/vc_column_text][\/vc_tta_section][\/vc_tta_accordion][\/vc_column][vc_column width=&#8221;1\/3&#8243;][vc_single_image image=&#8221;257&#8243; img_size=&#8221;full&#8221; alignment=&#8221;center&#8221; onclick=&#8221;custom_link&#8221; link=&#8221;https:\/\/www.teakrc.com\/logs\/&#8221; css=&#8221;.vc_custom_1550073252054{margin-bottom: 2px !important;}&#8221;][vc_single_image image=&#8221;255&#8243; img_size=&#8221;full&#8221; alignment=&#8221;center&#8221; onclick=&#8221;custom_link&#8221; link=&#8221;https:\/\/www.teakrc.com\/squares\/&#8221; css=&#8221;.vc_custom_1550073270260{margin-bottom: 2px !important;}&#8221;][vc_single_image image=&#8221;256&#8243; img_size=&#8221;full&#8221; alignment=&#8221;center&#8221; onclick=&#8221;custom_link&#8221; link=&#8221;https:\/\/www.teakrc.com\/lumber\/&#8221; css=&#8221;.vc_custom_1550073279567{margin-bottom: 2px !important;}&#8221;][vc_single_image image=&#8221;254&#8243; img_size=&#8221;full&#8221; alignment=&#8221;center&#8221; onclick=&#8221;custom_link&#8221; link=&#8221;https:\/\/www.teakrc.com\/biomass\/&#8221; css=&#8221;.vc_custom_1550073291548{margin-bottom: 2px !important;}&#8221;][\/vc_column][\/vc_row][vc_row][vc_column][vc_separator]<div class=\"vc_col-sm-4 wpb_column\"><div class=\"picture\"><a href=\"https:\/\/www.teakrc.com\/pb\/trc-lanca-a-campanha-de-30-anos\/\"><img loading=\"lazy\" decoding=\"async\" width=\"380\" height=\"240\" src=\"https:\/\/www.teakrc.com\/wp-content\/uploads\/2023\/11\/TRC-30anos-01-380x240.png\" class=\"attachment-portfolio-thumb size-portfolio-thumb wp-post-image\" alt=\"\" srcset=\"https:\/\/www.teakrc.com\/wp-content\/uploads\/2023\/11\/TRC-30anos-01-380x240.png 380w, https:\/\/www.teakrc.com\/wp-content\/uploads\/2023\/11\/TRC-30anos-01-580x366.png 580w\" sizes=\"auto, (max-width: 380px) 100vw, 380px\" \/><div class=\"image-overlay-link\"><\/div><\/a><\/div> <div class=\"item-description\"><h5><a href=\"https:\/\/www.teakrc.com\/pb\/trc-lanca-a-campanha-de-30-anos\/\">TRC Lan\u00e7a a Campanha de 30 Anos<\/a><\/h5><p><\/p> <\/div><\/div><div class=\"vc_col-sm-4 wpb_column\"><div class=\"picture\"><a href=\"https:\/\/www.teakrc.com\/pb\/trc-experience-operacoes-florestais-em-foco\/\"><img loading=\"lazy\" decoding=\"async\" width=\"380\" height=\"240\" src=\"https:\/\/www.teakrc.com\/wp-content\/uploads\/2023\/10\/TRC-Experience_Mecfor-380x240.jpg\" class=\"attachment-portfolio-thumb size-portfolio-thumb wp-post-image\" alt=\"\" srcset=\"https:\/\/www.teakrc.com\/wp-content\/uploads\/2023\/10\/TRC-Experience_Mecfor-380x240.jpg 380w, https:\/\/www.teakrc.com\/wp-content\/uploads\/2023\/10\/TRC-Experience_Mecfor-580x366.jpg 580w\" sizes=\"auto, (max-width: 380px) 100vw, 380px\" \/><div class=\"image-overlay-link\"><\/div><\/a><\/div> <div class=\"item-description\"><h5><a href=\"https:\/\/www.teakrc.com\/pb\/trc-experience-operacoes-florestais-em-foco\/\">TRC Experience: Opera\u00e7\u00f5es Florestais em Foco!<\/a><\/h5><p><\/p> <\/div><\/div><div class=\"vc_col-sm-4 wpb_column\"><div class=\"picture\"><a href=\"https:\/\/www.teakrc.com\/pb\/trc-em-acao-na-v-mecfor\/\"><img loading=\"lazy\" decoding=\"async\" width=\"380\" height=\"240\" src=\"https:\/\/www.teakrc.com\/wp-content\/uploads\/2023\/10\/MECFOR_TRC_Fotos-10-380x240.jpg\" class=\"attachment-portfolio-thumb size-portfolio-thumb wp-post-image\" alt=\"\" srcset=\"https:\/\/www.teakrc.com\/wp-content\/uploads\/2023\/10\/MECFOR_TRC_Fotos-10-380x240.jpg 380w, https:\/\/www.teakrc.com\/wp-content\/uploads\/2023\/10\/MECFOR_TRC_Fotos-10-580x366.jpg 580w\" sizes=\"auto, (max-width: 380px) 100vw, 380px\" \/><div class=\"image-overlay-link\"><\/div><\/a><\/div> <div class=\"item-description\"><h5><a href=\"https:\/\/www.teakrc.com\/pb\/trc-em-acao-na-v-mecfor\/\">TRC em a\u00e7\u00e3o na V Mecfor<\/a><\/h5><p><\/p> <\/div><\/div><br class=\"clear\" \/>[\/vc_column][\/vc_row][vc_row][vc_column][vc_column_text][\/vc_column_text][\/vc_column][\/vc_row]<\/p>","protected":false},"excerpt":{"rendered":"<p>[vc_row][vc_column][vc_column_text][\/vc_column_text][\/vc_column][\/vc_row][vc_row][vc_column width=&#8221;1\/3&#8243;][vc_column_text css=&#8221;.vc_custom_1590514926067{margin-bottom: 15px !important;}&#8221;]CINGAPURA \/ ASIA 175A Bencoolen Street #11-06 Burlington Square, 189650 &#8211; Cingapura Office (+65) 6294.9240[\/vc_column_text][vc_column_text css=&#8221;.vc_custom_1597079084214{margin-bottom: 15px !important;}&#8221;]TAIWAN \/ ASIA 6F-2, No. 173, Section 1, Datong Road, East District Cidade: Tainan &#8211; C\u00f3digo Postal: 701 Office +886907242829[\/vc_column_text][vc_column_text css=&#8221;.vc_custom_1590514943824{margin-bottom: 15px !important;}&#8221;]S\u00c3O PAULO\u00a0\/ BRASIL Av. Hurlingham, 104 &#8211; Bairro Helv\u00e9tia 13337-564 &#8211; Indaiatuba\/SP<\/p>\n","protected":false},"author":1,"featured_media":0,"parent":0,"menu_order":0,"comment_status":"closed","ping_status":"closed","template":"","meta":{"footnotes":""},"class_list":["post-52","page","type-page","status-publish","hentry","has-thumbnail"],"_links":{"self":[{"href":"https:\/\/www.teakrc.com\/pb\/wp-json\/wp\/v2\/pages\/52","targetHints":{"allow":["GET"]}}],"collection":[{"href":"https:\/\/www.teakrc.com\/pb\/wp-json\/wp\/v2\/pages"}],"about":[{"href":"https:\/\/www.teakrc.com\/pb\/wp-json\/wp\/v2\/types\/page"}],"author":[{"embeddable":true,"href":"https:\/\/www.teakrc.com\/pb\/wp-json\/wp\/v2\/users\/1"}],"replies":[{"embeddable":true,"href":"https:\/\/www.teakrc.com\/pb\/wp-json\/wp\/v2\/comments?post=52"}],"version-history":[{"count":79,"href":"https:\/\/www.teakrc.com\/pb\/wp-json\/wp\/v2\/pages\/52\/revisions"}],"predecessor-version":[{"id":1976,"href":"https:\/\/www.teakrc.com\/pb\/wp-json\/wp\/v2\/pages\/52\/revisions\/1976"}],"wp:attachment":[{"href":"https:\/\/www.teakrc.com\/pb\/wp-json\/wp\/v2\/media?parent=52"}],"curies":[{"name":"wp","href":"https:\/\/api.w.org\/{rel}","templated":true}]}}