{"id":41,"date":"2016-09-05T15:39:55","date_gmt":"2016-09-05T18:39:55","guid":{"rendered":"http:\/\/www.teakrc.com\/?page_id=41"},"modified":"2020-04-29T11:12:54","modified_gmt":"2020-04-29T14:12:54","slug":"biomass","status":"publish","type":"page","link":"https:\/\/www.teakrc.com\/pb\/biomass\/","title":{"rendered":"BIOMASSA"},"content":{"rendered":"<p>[vc_row][vc_column width=&#8221;2\/3&#8243;]<div class=\"basic-slider royalSlider rsDefault\"><a href=\"\"><img decoding=\"async\" class=\"rsImg\" src=\"https:\/\/www.teakrc.com\/wp-content\/uploads\/2016\/09\/biomassa_800px.png\" alt=\"\" \/><\/a><\/div>[vc_column_text css=&#8221;.vc_custom_1484052539994{margin-top: 30px !important;}&#8221;]<span style=\"font-weight: 400;\">A TRC oferece biomassa na forma de lenha de teca e cavaco oriundo das opera\u00e7\u00f5es de processamento para ser usada como fonte de energia renov\u00e1vel. Estudos comprovam que a energia gerada pela biomassa de teca possui maior poder calor\u00edfico em compara\u00e7\u00e3o com a lenha de diferentes esp\u00e9cies plantadas.<\/span><\/p>\n<p><span style=\"font-weight: 400;\">Fornecimento constante e rentabilidade\u00a0reconhecida s\u00e3o as marcas da biomassa TRC.<\/span><\/p>\n<p><strong><a href=\"http:\/\/www.teakrc.com\/contact\/\">Entre em contato com a nossa equipe.<\/a><\/strong>[\/vc_column_text][\/vc_column][vc_column width=&#8221;1\/3&#8243;][vc_single_image image=&#8221;257&#8243; img_size=&#8221;full&#8221; alignment=&#8221;center&#8221; onclick=&#8221;custom_link&#8221; link=&#8221;http:\/\/www.teakrc.com\/logs\/&#8221; css=&#8221;.vc_custom_1474475002242{margin-bottom: 2px !important;}&#8221;][vc_single_image image=&#8221;255&#8243; img_size=&#8221;full&#8221; alignment=&#8221;center&#8221; onclick=&#8221;custom_link&#8221; link=&#8221;http:\/\/www.teakrc.com\/squares\/&#8221; css=&#8221;.vc_custom_1474475013533{margin-bottom: 2px !important;}&#8221;][vc_single_image image=&#8221;256&#8243; img_size=&#8221;full&#8221; alignment=&#8221;center&#8221; onclick=&#8221;custom_link&#8221; link=&#8221;http:\/\/www.teakrc.com\/lumber\/&#8221; css=&#8221;.vc_custom_1474475021685{margin-bottom: 2px !important;}&#8221;][vc_single_image image=&#8221;254&#8243; img_size=&#8221;full&#8221; alignment=&#8221;center&#8221; onclick=&#8221;custom_link&#8221; link=&#8221;http:\/\/www.teakrc.com\/biomass\/&#8221; css=&#8221;.vc_custom_1474475029516{margin-bottom: 2px !important;}&#8221;][\/vc_column][\/vc_row]<\/p>","protected":false},"excerpt":{"rendered":"<p>[vc_row][vc_column width=&#8221;2\/3&#8243;][vc_column_text css=&#8221;.vc_custom_1484052539994{margin-top: 30px !important;}&#8221;]A TRC oferece biomassa na forma de lenha de teca e cavaco oriundo das opera\u00e7\u00f5es de processamento para ser usada como fonte de energia renov\u00e1vel. Estudos comprovam que a energia gerada pela biomassa de teca possui maior poder calor\u00edfico em compara\u00e7\u00e3o com a lenha de diferentes esp\u00e9cies plantadas. Fornecimento constante e<\/p>\n","protected":false},"author":1,"featured_media":0,"parent":0,"menu_order":0,"comment_status":"closed","ping_status":"closed","template":"","meta":{"footnotes":""},"class_list":["post-41","page","type-page","status-publish","hentry"],"_links":{"self":[{"href":"https:\/\/www.teakrc.com\/pb\/wp-json\/wp\/v2\/pages\/41","targetHints":{"allow":["GET"]}}],"collection":[{"href":"https:\/\/www.teakrc.com\/pb\/wp-json\/wp\/v2\/pages"}],"about":[{"href":"https:\/\/www.teakrc.com\/pb\/wp-json\/wp\/v2\/types\/page"}],"author":[{"embeddable":true,"href":"https:\/\/www.teakrc.com\/pb\/wp-json\/wp\/v2\/users\/1"}],"replies":[{"embeddable":true,"href":"https:\/\/www.teakrc.com\/pb\/wp-json\/wp\/v2\/comments?post=41"}],"version-history":[{"count":17,"href":"https:\/\/www.teakrc.com\/pb\/wp-json\/wp\/v2\/pages\/41\/revisions"}],"predecessor-version":[{"id":1351,"href":"https:\/\/www.teakrc.com\/pb\/wp-json\/wp\/v2\/pages\/41\/revisions\/1351"}],"wp:attachment":[{"href":"https:\/\/www.teakrc.com\/pb\/wp-json\/wp\/v2\/media?parent=41"}],"curies":[{"name":"wp","href":"https:\/\/api.w.org\/{rel}","templated":true}]}}