{"id":35,"date":"2016-09-05T15:37:38","date_gmt":"2016-09-05T18:37:38","guid":{"rendered":"http:\/\/www.teakrc.com\/?page_id=35"},"modified":"2021-01-06T15:23:46","modified_gmt":"2021-01-06T18:23:46","slug":"logs","status":"publish","type":"page","link":"https:\/\/www.teakrc.com\/pb\/logs\/","title":{"rendered":"TORAS"},"content":{"rendered":"<p>[vc_row][vc_column width=&#8221;2\/3&#8243;][vc_column_text]<div id=\"metaslider-id-670\" style=\"max-width: 800px; margin: 0 auto;\" class=\"ml-slider-3-100-1 metaslider metaslider-flex metaslider-670 ml-slider ms-theme-default nav-hidden\" role=\"region\" aria-label=\"Toras EN\/BR\" data-height=\"500\" data-width=\"800\">\n    <div id=\"metaslider_container_670\">\n        <div id=\"metaslider_670\">\n            <ul class='slides'>\n                <li style=\"display: block; width: 100%;\" class=\"slide-674 ms-image \" aria-roledescription=\"slide\" data-date=\"2017-08-04 15:50:56\"><img loading=\"lazy\" decoding=\"async\" src=\"https:\/\/www.teakrc.com\/wp-content\/uploads\/2016\/09\/Toras_01.jpg\" height=\"500\" width=\"800\" alt=\"\" class=\"slider-670 slide-674 msDefaultImage\" \/><\/li>\n                <li style=\"display: none; width: 100%;\" class=\"slide-675 ms-image \" aria-roledescription=\"slide\" data-date=\"2017-08-04 15:50:57\"><img loading=\"lazy\" decoding=\"async\" src=\"https:\/\/www.teakrc.com\/wp-content\/uploads\/2016\/09\/Toras_02.jpg\" height=\"500\" width=\"800\" alt=\"\" class=\"slider-670 slide-675 msDefaultImage\" \/><\/li>\n                <li style=\"display: none; width: 100%;\" class=\"slide-676 ms-image \" aria-roledescription=\"slide\" data-date=\"2017-08-04 15:50:57\"><img loading=\"lazy\" decoding=\"async\" src=\"https:\/\/www.teakrc.com\/wp-content\/uploads\/2016\/09\/Toras_03.jpg\" height=\"500\" width=\"800\" alt=\"\" class=\"slider-670 slide-676 msDefaultImage\" \/><\/li>\n            <\/ul>\n        <\/div>\n        \n    <\/div>\n<\/div>[\/vc_column_text][vc_column_text css=&#8221;.vc_custom_1609954985034{margin-top: 30px !important;}&#8221;]S\u00e3o provenientes de desbastes e cortes finais, vendidos com especifica\u00e7\u00f5es diferentes para as serrarias da regi\u00e3o e exportados para o mundo inteiro, principalmente para a \u00c1sia.<\/p>\n<p><strong><a href=\"http:\/\/www.teakrc.com\/contact\">Entre em contato com a nossa equipe.<\/a><\/strong>[\/vc_column_text][vc_column_text css=&#8221;.vc_custom_1484586958095{margin-top: 30px !important;}&#8221;]<em>Madeira de origem legal de planta\u00e7\u00f5es.<br \/>\nIsenta de guia de transporte florestal da SEMA e DOF do IBAMA.<\/em><em><br \/>\n<\/em>[\/vc_column_text][\/vc_column][vc_column width=&#8221;1\/3&#8243;][vc_single_image image=&#8221;257&#8243; img_size=&#8221;full&#8221; alignment=&#8221;center&#8221; onclick=&#8221;custom_link&#8221; link=&#8221;http:\/\/www.teakrc.com\/logs\/&#8221; css=&#8221;.vc_custom_1474475002242{margin-bottom: 2px !important;}&#8221;][vc_single_image image=&#8221;255&#8243; img_size=&#8221;full&#8221; alignment=&#8221;center&#8221; onclick=&#8221;custom_link&#8221; link=&#8221;http:\/\/www.teakrc.com\/squares\/&#8221; css=&#8221;.vc_custom_1474475013533{margin-bottom: 2px !important;}&#8221;][vc_single_image image=&#8221;256&#8243; img_size=&#8221;full&#8221; alignment=&#8221;center&#8221; onclick=&#8221;custom_link&#8221; link=&#8221;http:\/\/www.teakrc.com\/lumber\/&#8221; css=&#8221;.vc_custom_1474475021685{margin-bottom: 2px !important;}&#8221;][vc_single_image image=&#8221;254&#8243; img_size=&#8221;full&#8221; alignment=&#8221;center&#8221; onclick=&#8221;custom_link&#8221; link=&#8221;http:\/\/www.teakrc.com\/biomass\/&#8221; css=&#8221;.vc_custom_1474475029516{margin-bottom: 2px !important;}&#8221;][\/vc_column][\/vc_row]<\/p>","protected":false},"excerpt":{"rendered":"<p>[vc_row][vc_column width=&#8221;2\/3&#8243;][vc_column_text][\/vc_column_text][vc_column_text css=&#8221;.vc_custom_1609954985034{margin-top: 30px !important;}&#8221;]S\u00e3o provenientes de desbastes e cortes finais, vendidos com especifica\u00e7\u00f5es diferentes para as serrarias da regi\u00e3o e exportados para o mundo inteiro, principalmente para a \u00c1sia. Entre em contato com a nossa equipe.[\/vc_column_text][vc_column_text css=&#8221;.vc_custom_1484586958095{margin-top: 30px !important;}&#8221;]Madeira de origem legal de planta\u00e7\u00f5es. Isenta de guia de transporte florestal da SEMA e DOF<\/p>\n","protected":false},"author":1,"featured_media":0,"parent":0,"menu_order":0,"comment_status":"closed","ping_status":"closed","template":"","meta":{"footnotes":""},"class_list":["post-35","page","type-page","status-publish","hentry"],"_links":{"self":[{"href":"https:\/\/www.teakrc.com\/pb\/wp-json\/wp\/v2\/pages\/35","targetHints":{"allow":["GET"]}}],"collection":[{"href":"https:\/\/www.teakrc.com\/pb\/wp-json\/wp\/v2\/pages"}],"about":[{"href":"https:\/\/www.teakrc.com\/pb\/wp-json\/wp\/v2\/types\/page"}],"author":[{"embeddable":true,"href":"https:\/\/www.teakrc.com\/pb\/wp-json\/wp\/v2\/users\/1"}],"replies":[{"embeddable":true,"href":"https:\/\/www.teakrc.com\/pb\/wp-json\/wp\/v2\/comments?post=35"}],"version-history":[{"count":33,"href":"https:\/\/www.teakrc.com\/pb\/wp-json\/wp\/v2\/pages\/35\/revisions"}],"predecessor-version":[{"id":1389,"href":"https:\/\/www.teakrc.com\/pb\/wp-json\/wp\/v2\/pages\/35\/revisions\/1389"}],"wp:attachment":[{"href":"https:\/\/www.teakrc.com\/pb\/wp-json\/wp\/v2\/media?parent=35"}],"curies":[{"name":"wp","href":"https:\/\/api.w.org\/{rel}","templated":true}]}}