{"id":33,"date":"2016-09-05T15:37:08","date_gmt":"2016-09-05T18:37:08","guid":{"rendered":"http:\/\/www.teakrc.com\/?page_id=33"},"modified":"2021-01-06T14:41:52","modified_gmt":"2021-01-06T17:41:52","slug":"products","status":"publish","type":"page","link":"https:\/\/www.teakrc.com\/pb\/products\/","title":{"rendered":"PRODUTOS"},"content":{"rendered":"<p>[vc_row][vc_column width=&#8221;1\/3&#8243;][vc_single_image image=&#8221;257&#8243; img_size=&#8221;full&#8221; alignment=&#8221;center&#8221; onclick=&#8221;custom_link&#8221; link=&#8221;http:\/\/www.teakrc.com\/logs\/&#8221;][\/vc_column][vc_column width=&#8221;2\/3&#8243;][vc_column_text]<strong>Toras:<\/strong> <span style=\"font-weight: 400;\">derivados de desbaste e cortes finais. Usados geralmente na manufatura de mob\u00edlias, pisos e materiais de constru\u00e7\u00e3o.<\/span><br \/>\n<span style=\"color: #37815e;\"><a style=\"color: #37815e;\" href=\"http:\/\/www.teakrc.com\/toras\/\"><strong>Saiba mais<\/strong><\/a><\/span>[\/vc_column_text][\/vc_column][\/vc_row][vc_row][vc_column][vc_separator][\/vc_column][\/vc_row][vc_row][vc_column width=&#8221;1\/3&#8243;][vc_single_image image=&#8221;255&#8243; img_size=&#8221;full&#8221; alignment=&#8221;center&#8221; onclick=&#8221;custom_link&#8221; link=&#8221;http:\/\/www.teakrc.com\/squares\/&#8221;][\/vc_column][vc_column width=&#8221;2\/3&#8243;][vc_column_text]<strong>Blocos:<\/strong> <span style=\"font-weight: 400;\">produzidos em nossas serrarias. Usados geralmente pela ind\u00fastria de constru\u00e7\u00e3o para a manufatura das plataformas, de mob\u00edlias e dos assoalhos.<\/span><br \/>\n<span style=\"color: #37815e;\"><a style=\"color: #37815e;\" href=\"http:\/\/www.teakrc.com\/blocos\/\"><strong>Saiba mais<\/strong><\/a><\/span>[\/vc_column_text][\/vc_column][\/vc_row][vc_row][vc_column][vc_separator][\/vc_column][\/vc_row][vc_row][vc_column width=&#8221;1\/3&#8243;][vc_single_image image=&#8221;256&#8243; img_size=&#8221;full&#8221; alignment=&#8221;center&#8221; onclick=&#8221;custom_link&#8221; link=&#8221;http:\/\/www.teakrc.com\/lumber\/&#8221;][\/vc_column][vc_column width=&#8221;2\/3&#8243;][vc_column_text]<strong>Madeira Serrada:<\/strong><b> <\/b><span style=\"font-weight: 400;\">produzida em nossas serrarias e vendida em diversas especifica\u00e7\u00f5es. Eles s\u00e3o usados na fabrica\u00e7\u00e3o de m\u00f3veis, pisos, decks, artefatos de madeira e itens decorativos.<\/span><br \/>\n<span style=\"color: #37815e;\"><a style=\"color: #37815e;\" href=\"http:\/\/www.teakrc.com\/serrados\/\"><strong>Saiba mais<\/strong><\/a><\/span>[\/vc_column_text][\/vc_column][\/vc_row][vc_row][vc_column][vc_separator][\/vc_column][\/vc_row][vc_row][vc_column width=&#8221;1\/3&#8243;][vc_single_image image=&#8221;254&#8243; img_size=&#8221;full&#8221; alignment=&#8221;center&#8221; onclick=&#8221;custom_link&#8221; link=&#8221;http:\/\/www.teakrc.com\/biomass\/&#8221;][\/vc_column][vc_column width=&#8221;2\/3&#8243;][vc_column_text]<strong>Biomassa: <\/strong>comercializada sob a forma de lenha e cavaco, provenientes de opera\u00e7\u00f5es de transforma\u00e7\u00e3o a utilizar como fonte de energia renov\u00e1vel.<br \/>\n<span style=\"color: #37815e;\"><a style=\"color: #37815e;\" href=\"http:\/\/www.teakrc.com\/biomassa\/\"><strong>Saiba mais<\/strong><\/a><\/span>[\/vc_column_text][\/vc_column][\/vc_row]<\/p>","protected":false},"excerpt":{"rendered":"<p>[vc_row][vc_column width=&#8221;1\/3&#8243;][vc_single_image image=&#8221;257&#8243; img_size=&#8221;full&#8221; alignment=&#8221;center&#8221; onclick=&#8221;custom_link&#8221; link=&#8221;http:\/\/www.teakrc.com\/logs\/&#8221;][\/vc_column][vc_column width=&#8221;2\/3&#8243;][vc_column_text]Toras: derivados de desbaste e cortes finais. Usados geralmente na manufatura de mob\u00edlias, pisos e materiais de constru\u00e7\u00e3o. Saiba mais[\/vc_column_text][\/vc_column][\/vc_row][vc_row][vc_column][vc_separator][\/vc_column][\/vc_row][vc_row][vc_column width=&#8221;1\/3&#8243;][vc_single_image image=&#8221;255&#8243; img_size=&#8221;full&#8221; alignment=&#8221;center&#8221; onclick=&#8221;custom_link&#8221; link=&#8221;http:\/\/www.teakrc.com\/squares\/&#8221;][\/vc_column][vc_column width=&#8221;2\/3&#8243;][vc_column_text]Blocos: produzidos em nossas serrarias. Usados geralmente pela ind\u00fastria de constru\u00e7\u00e3o para a manufatura das plataformas, de mob\u00edlias e dos assoalhos. Saiba<\/p>\n","protected":false},"author":1,"featured_media":0,"parent":0,"menu_order":0,"comment_status":"closed","ping_status":"closed","template":"","meta":{"footnotes":""},"class_list":["post-33","page","type-page","status-publish","hentry"],"_links":{"self":[{"href":"https:\/\/www.teakrc.com\/pb\/wp-json\/wp\/v2\/pages\/33","targetHints":{"allow":["GET"]}}],"collection":[{"href":"https:\/\/www.teakrc.com\/pb\/wp-json\/wp\/v2\/pages"}],"about":[{"href":"https:\/\/www.teakrc.com\/pb\/wp-json\/wp\/v2\/types\/page"}],"author":[{"embeddable":true,"href":"https:\/\/www.teakrc.com\/pb\/wp-json\/wp\/v2\/users\/1"}],"replies":[{"embeddable":true,"href":"https:\/\/www.teakrc.com\/pb\/wp-json\/wp\/v2\/comments?post=33"}],"version-history":[{"count":17,"href":"https:\/\/www.teakrc.com\/pb\/wp-json\/wp\/v2\/pages\/33\/revisions"}],"predecessor-version":[{"id":1380,"href":"https:\/\/www.teakrc.com\/pb\/wp-json\/wp\/v2\/pages\/33\/revisions\/1380"}],"wp:attachment":[{"href":"https:\/\/www.teakrc.com\/pb\/wp-json\/wp\/v2\/media?parent=33"}],"curies":[{"name":"wp","href":"https:\/\/api.w.org\/{rel}","templated":true}]}}