{"id":20,"date":"2016-09-05T15:28:18","date_gmt":"2016-09-05T18:28:18","guid":{"rendered":"http:\/\/www.teakrc.com\/?page_id=20"},"modified":"2018-05-21T12:41:20","modified_gmt":"2018-05-21T15:41:20","slug":"sustentabilidade-e-responsabilidade","status":"publish","type":"page","link":"https:\/\/www.teakrc.com\/pb\/sustentabilidade-e-responsabilidade\/","title":{"rendered":"SUSTENTABILIDADE E RESPONSABILIDADE"},"content":{"rendered":"<p>[vc_row][vc_column width=&#8221;2\/3&#8243;]<div class=\"basic-slider royalSlider rsDefault\"><a href=\"\"><img decoding=\"async\" class=\"rsImg\" src=\"https:\/\/www.teakrc.com\/wp-content\/uploads\/2016\/09\/responsabilidade_800px.png\" alt=\"\" \/><\/a><\/div>[vc_column_text css=&#8221;.vc_custom_1482167529973{margin-top: 30px !important;}&#8221;]<\/p>\n<h3>TRC e FSC\u00ae. A conduta respons\u00e1vel no manejo florestal<\/h3>\n<p>[\/vc_column_text][vc_column_text]<span style=\"font-weight: 400;\">A TRC segue os padr\u00f5es de responsabilidade defendidos pelo Forest Stewardship Council\u00ae (FSC\u00ae) desde 1997, uma organiza\u00e7\u00e3o n\u00e3o-governamental criada para promover o manejo respons\u00e1vel de florestas em todo o mundo.<\/span><\/p>\n<p><span style=\"font-weight: 400;\">A certifica\u00e7\u00e3o FSC\u00ae \u00e9 um diferencial importante na ind\u00fastria florestal, especialmente para os interessados em comercializar produtos ecol\u00f3gicos.<\/span><\/p>\n<p><span style=\"font-weight: 400;\">Entre as principais a\u00e7\u00f5es da TRC a favor do meio ambiente est\u00e3o: melhoria constante das t\u00e9cnicas de manejo, monitoramento dos recursos h\u00eddricos, monitoramento da gera\u00e7\u00e3o de res\u00edduos s\u00f3lidos e poss\u00edveis impactos ambientais causados pelas opera\u00e7\u00f5es florestais.<\/span><\/p>\n<p><strong><a href=\"http:\/\/www.teakrc.com\/certificacao-florestal\/\">Saiba mais sobre a Certifica\u00e7\u00e3o Florestal<\/a><\/strong>[\/vc_column_text][vc_column_text]<em>C\u00f3digo de licen\u00e7a do Forest Stewardship Council\u00ae: (FSC-C010728).<br \/>\nProcure por produtos certificados FSC\u00ae.<\/em>[\/vc_column_text][vc_column_text css=&#8221;.vc_custom_1519240878963{border-top-width: 2px !important;border-right-width: 2px !important;border-bottom-width: 2px !important;border-left-width: 2px !important;padding-top: 10px !important;padding-right: 10px !important;padding-bottom: 10px !important;padding-left: 10px !important;border-left-color: #f1f1f1 !important;border-right-color: #f1f1f1 !important;border-top-color: #f1f1f1 !important;border-bottom-color: #f1f1f1 !important;}&#8221;]<strong>Nota importante:<br \/>\n<\/strong>A Biomassa n\u00e3o faz parte dos produtos certificados da TRC junto ao Forest Stewardship Council\u00ae[\/vc_column_text][\/vc_column][vc_column width=&#8221;1\/3&#8243;]<div class=\"basic-slider royalSlider rsDefault\"><a href=\"\"><img decoding=\"async\" class=\"rsImg\" src=\"https:\/\/www.teakrc.com\/wp-content\/uploads\/2016\/09\/Selo_FSC_TeakResourcesCompany.png\" alt=\"\" \/><\/a><\/div>[vc_empty_space][vc_single_image image=&#8221;257&#8243; img_size=&#8221;full&#8221; alignment=&#8221;center&#8221; onclick=&#8221;custom_link&#8221; link=&#8221;http:\/\/www.teakrc.com\/toras\/&#8221; css=&#8221;.vc_custom_1474475002242{margin-bottom: 2px !important;}&#8221;][vc_single_image image=&#8221;255&#8243; img_size=&#8221;full&#8221; alignment=&#8221;center&#8221; onclick=&#8221;custom_link&#8221; link=&#8221;http:\/\/www.teakrc.com\/blocos\/&#8221; css=&#8221;.vc_custom_1474475013533{margin-bottom: 2px !important;}&#8221;][vc_single_image image=&#8221;256&#8243; img_size=&#8221;full&#8221; alignment=&#8221;center&#8221; onclick=&#8221;custom_link&#8221; link=&#8221;http:\/\/www.teakrc.com\/serrados\/&#8221; css=&#8221;.vc_custom_1474475021685{margin-bottom: 2px !important;}&#8221;][vc_single_image image=&#8221;254&#8243; img_size=&#8221;full&#8221; alignment=&#8221;center&#8221; onclick=&#8221;custom_link&#8221; link=&#8221;http:\/\/www.teakrc.com\/biomassa\/&#8221; css=&#8221;.vc_custom_1474475029516{margin-bottom: 2px !important;}&#8221;][\/vc_column][\/vc_row]<\/p>","protected":false},"excerpt":{"rendered":"<p>[vc_row][vc_column width=&#8221;2\/3&#8243;][vc_column_text css=&#8221;.vc_custom_1482167529973{margin-top: 30px !important;}&#8221;] TRC e FSC\u00ae. A conduta respons\u00e1vel no manejo florestal [\/vc_column_text][vc_column_text]A TRC segue os padr\u00f5es de responsabilidade defendidos pelo Forest Stewardship Council\u00ae (FSC\u00ae) desde 1997, uma organiza\u00e7\u00e3o n\u00e3o-governamental criada para promover o manejo respons\u00e1vel de florestas em todo o mundo. A certifica\u00e7\u00e3o FSC\u00ae \u00e9 um diferencial importante na ind\u00fastria florestal, especialmente<\/p>\n","protected":false},"author":1,"featured_media":0,"parent":0,"menu_order":0,"comment_status":"closed","ping_status":"closed","template":"","meta":{"footnotes":""},"class_list":["post-20","page","type-page","status-publish","hentry"],"_links":{"self":[{"href":"https:\/\/www.teakrc.com\/pb\/wp-json\/wp\/v2\/pages\/20","targetHints":{"allow":["GET"]}}],"collection":[{"href":"https:\/\/www.teakrc.com\/pb\/wp-json\/wp\/v2\/pages"}],"about":[{"href":"https:\/\/www.teakrc.com\/pb\/wp-json\/wp\/v2\/types\/page"}],"author":[{"embeddable":true,"href":"https:\/\/www.teakrc.com\/pb\/wp-json\/wp\/v2\/users\/1"}],"replies":[{"embeddable":true,"href":"https:\/\/www.teakrc.com\/pb\/wp-json\/wp\/v2\/comments?post=20"}],"version-history":[{"count":30,"href":"https:\/\/www.teakrc.com\/pb\/wp-json\/wp\/v2\/pages\/20\/revisions"}],"predecessor-version":[{"id":845,"href":"https:\/\/www.teakrc.com\/pb\/wp-json\/wp\/v2\/pages\/20\/revisions\/845"}],"wp:attachment":[{"href":"https:\/\/www.teakrc.com\/pb\/wp-json\/wp\/v2\/media?parent=20"}],"curies":[{"name":"wp","href":"https:\/\/api.w.org\/{rel}","templated":true}]}}