{"id":14,"date":"2016-09-05T15:22:22","date_gmt":"2016-09-05T18:22:22","guid":{"rendered":"http:\/\/www.teakrc.com\/?page_id=14"},"modified":"2022-03-03T11:58:02","modified_gmt":"2022-03-03T14:58:02","slug":"teak","status":"publish","type":"page","link":"https:\/\/www.teakrc.com\/pb\/teak\/","title":{"rendered":"TECA"},"content":{"rendered":"<p>[vc_row][vc_column width=&#8221;2\/3&#8243;][vc_column_text]<\/p>\n<h3>Teca. Investimento sustent\u00e1vel em madeira nobre.<\/h3>\n<p>[\/vc_column_text][vc_column_text]A teca \u00e9 uma \u00e1rvore de grande porte, nativa das florestas tropicais da \u00c1sia, adaptando-se facilmente \u00e0s regi\u00f5es do clima equatorial e tropical do Brasil e de diversas partes do mundo.<\/p>\n<p>A madeira de teca \u00e9 reconhecida pela ind\u00fastria madeireira mundial por sua qualidade e apar\u00eancia. A demanda por teca plantada tem aumentado significativamente nos \u00faltimos anos devido \u00e0 escassez da teca oriunda de florestas nativas e suas caracter\u00edsticas que permitem que ela seja usada para v\u00e1rios fins, como m\u00f3veis, utens\u00edlios de cozinha, constru\u00e7\u00e3o civil e naval.<\/p>\n<p>As caracter\u00edsticas que mais se destacam s\u00e3o a durabilidade e estabilidade. A madeira de teca tem propriedades que lhe d\u00e3o resist\u00eancia ao ataque de fungos e insetos e resist\u00eancia \u00e0s a\u00e7\u00f5es do tempo, como sol, chuva e calor.[\/vc_column_text][vc_column_text]<\/p>\n<h3>Particularidades da Teca.<\/h3>\n<p>[\/vc_column_text][vc_column_text]<strong>Tratabilidade:<\/strong> <span style=\"font-weight: 400;\">Apresenta baixa permeabilidade a solu\u00e7\u00f5es conservantes quando sujeita a impregna\u00e7\u00e3o sob press\u00e3o.<\/span><\/p>\n<p><strong>Trabalhabilidade:<\/strong> <span style=\"font-weight: 400;\">A teca \u00e9 f\u00e1cil de planejar, girar, perfurar, lixar e colar. Contudo, a presen\u00e7a de s\u00edlica pode causar desgaste da ferramenta.<\/span><\/p>\n<p><strong>Secagem:<\/strong> <span style=\"font-weight: 400;\">A secagem \u00e9 lenta com a ocorr\u00eancia de poucos defeitos.<\/span><\/p>\n<p><strong><a href=\"http:\/\/www.teakrc.com\/produtos-de-teca\/\">Confira alguns produtos.<\/a><\/strong>[\/vc_column_text][\/vc_column][vc_column width=&#8221;1\/3&#8243;]<div class=\"basic-slider royalSlider rsDefault\"><a href=\"\"><img decoding=\"async\" class=\"rsImg\" src=\"https:\/\/www.teakrc.com\/wp-content\/uploads\/2016\/09\/Teca.png\" alt=\"\" \/><\/a><\/div>[\/vc_column][\/vc_row][vc_row][vc_column][vc_text_separator title=&#8221;PRODUTOS&#8221;][\/vc_column][\/vc_row][vc_row][vc_column width=&#8221;1\/4&#8243;][vc_single_image image=&#8221;257&#8243; img_size=&#8221;full&#8221; alignment=&#8221;center&#8221; onclick=&#8221;custom_link&#8221; link=&#8221;http:\/\/www.teakrc.com\/logs\/&#8221;][\/vc_column][vc_column width=&#8221;1\/4&#8243;][vc_single_image image=&#8221;255&#8243; img_size=&#8221;full&#8221; alignment=&#8221;center&#8221; onclick=&#8221;custom_link&#8221; link=&#8221;http:\/\/www.teakrc.com\/squares\/&#8221;][\/vc_column][vc_column width=&#8221;1\/4&#8243;][vc_single_image image=&#8221;256&#8243; img_size=&#8221;full&#8221; alignment=&#8221;center&#8221; onclick=&#8221;custom_link&#8221; link=&#8221;http:\/\/www.teakrc.com\/lumber\/&#8221;][\/vc_column][vc_column width=&#8221;1\/4&#8243;][vc_single_image image=&#8221;254&#8243; img_size=&#8221;full&#8221; alignment=&#8221;center&#8221; onclick=&#8221;custom_link&#8221; link=&#8221;http:\/\/www.teakrc.com\/biomass\/&#8221;][\/vc_column][\/vc_row]<\/p>","protected":false},"excerpt":{"rendered":"<p>[vc_row][vc_column width=&#8221;2\/3&#8243;][vc_column_text] Teca. Investimento sustent\u00e1vel em madeira nobre. [\/vc_column_text][vc_column_text]A teca \u00e9 uma \u00e1rvore de grande porte, nativa das florestas tropicais da \u00c1sia, adaptando-se facilmente \u00e0s regi\u00f5es do clima equatorial e tropical do Brasil e de diversas partes do mundo. A madeira de teca \u00e9 reconhecida pela ind\u00fastria madeireira mundial por sua qualidade e apar\u00eancia. A<\/p>\n","protected":false},"author":1,"featured_media":0,"parent":0,"menu_order":0,"comment_status":"closed","ping_status":"closed","template":"","meta":{"footnotes":""},"class_list":["post-14","page","type-page","status-publish","hentry"],"_links":{"self":[{"href":"https:\/\/www.teakrc.com\/pb\/wp-json\/wp\/v2\/pages\/14","targetHints":{"allow":["GET"]}}],"collection":[{"href":"https:\/\/www.teakrc.com\/pb\/wp-json\/wp\/v2\/pages"}],"about":[{"href":"https:\/\/www.teakrc.com\/pb\/wp-json\/wp\/v2\/types\/page"}],"author":[{"embeddable":true,"href":"https:\/\/www.teakrc.com\/pb\/wp-json\/wp\/v2\/users\/1"}],"replies":[{"embeddable":true,"href":"https:\/\/www.teakrc.com\/pb\/wp-json\/wp\/v2\/comments?post=14"}],"version-history":[{"count":20,"href":"https:\/\/www.teakrc.com\/pb\/wp-json\/wp\/v2\/pages\/14\/revisions"}],"predecessor-version":[{"id":1420,"href":"https:\/\/www.teakrc.com\/pb\/wp-json\/wp\/v2\/pages\/14\/revisions\/1420"}],"wp:attachment":[{"href":"https:\/\/www.teakrc.com\/pb\/wp-json\/wp\/v2\/media?parent=14"}],"curies":[{"name":"wp","href":"https:\/\/api.w.org\/{rel}","templated":true}]}}