{"id":1394,"date":"2021-02-11T13:35:56","date_gmt":"2021-02-11T16:35:56","guid":{"rendered":"http:\/\/www.teakrc.com\/?page_id=1394"},"modified":"2024-05-03T15:51:26","modified_gmt":"2024-05-03T18:51:26","slug":"work-with-us","status":"publish","type":"page","link":"https:\/\/www.teakrc.com\/pb\/work-with-us\/","title":{"rendered":"TRABALHE CONOSCO"},"content":{"rendered":"<p>[vc_row][vc_column width=&#8221;1\/3&#8243;][vc_column_text]<strong>Somos o Time TRC.<\/strong><br \/>\n<strong>Seja muito bem-vindo(a)!<\/strong><\/p>\n<p>A TRC \u00e9 uma empresa feita de pessoas com valores e prop\u00f3sitos diversos. Por isso focamos muito em construir um ambiente que valorize cada vez mais o colaborador, pensando sobre solu\u00e7\u00f5es sustent\u00e1veis em busca de criar um ambiente de troca, aprendizado, colabora\u00e7\u00e3o, aceita\u00e7\u00e3o, diversidade, acolhimento e inspira\u00e7\u00e3o para seres humanos melhores.<\/p>\n<p><strong>Voc\u00ea deseja fazer parte de nossa Equipe?<\/strong><br \/>\nPreencha o formul\u00e1rio de cadastro ao lado. Caso possua um curr\u00edculo, encaminhe este documento tamb\u00e9m aqui para a gente.<\/p>\n<p>Boa sorte e at\u00e9 breve![\/vc_column_text][vc_btn title=&#8221;Relat\u00f3rio de Transpar\u00eancia e Igualdade Salarial&#8221; style=&#8221;flat&#8221; shape=&#8221;square&#8221; size=&#8221;lg&#8221; align=&#8221;center&#8221; link=&#8221;url:https%3A%2F%2Fwww.teakrc.com%2Fpb%2Ftransparencia-igualdade-salarial%2F||target:%20_blank|&#8221; button_block=&#8221;true&#8221;][\/vc_column][vc_column width=&#8221;1\/3&#8243;]\n<div class=\"wpcf7 no-js\" id=\"wpcf7-f1396-o1\" lang=\"pt-BR\" dir=\"ltr\" data-wpcf7-id=\"1396\">\n<div class=\"screen-reader-response\"><p role=\"status\" aria-live=\"polite\" aria-atomic=\"true\"><\/p> <ul><\/ul><\/div>\n<form action=\"\/pb\/wp-json\/wp\/v2\/pages\/1394#wpcf7-f1396-o1\" method=\"post\" class=\"wpcf7-form init\" aria-label=\"Formul\u00e1rios de contato\" enctype=\"multipart\/form-data\" novalidate=\"novalidate\" data-status=\"init\">\n<fieldset class=\"hidden-fields-container\"><input type=\"hidden\" name=\"_wpcf7\" value=\"1396\" \/><input type=\"hidden\" name=\"_wpcf7_version\" value=\"6.1\" \/><input type=\"hidden\" name=\"_wpcf7_locale\" value=\"pt_BR\" \/><input type=\"hidden\" name=\"_wpcf7_unit_tag\" value=\"wpcf7-f1396-o1\" \/><input type=\"hidden\" name=\"_wpcf7_container_post\" value=\"0\" \/><input type=\"hidden\" name=\"_wpcf7_posted_data_hash\" value=\"\" \/><input type=\"hidden\" name=\"_wpcf7_recaptcha_response\" value=\"\" \/>\n<\/fieldset>\n<p><label> SEU NOME (obrigat\u00f3rio)<br \/>\n<span class=\"wpcf7-form-control-wrap\" data-name=\"your-name\"><input size=\"40\" maxlength=\"400\" class=\"wpcf7-form-control wpcf7-text wpcf7-validates-as-required\" aria-required=\"true\" aria-invalid=\"false\" value=\"\" type=\"text\" name=\"your-name\" \/><\/span> <\/label>\n<\/p>\n<p><label> SEU E-MAIL (obrigat\u00f3rio)<br \/>\n<span class=\"wpcf7-form-control-wrap\" data-name=\"your-email\"><input size=\"40\" maxlength=\"400\" class=\"wpcf7-form-control wpcf7-email wpcf7-validates-as-required wpcf7-text wpcf7-validates-as-email\" aria-required=\"true\" aria-invalid=\"false\" value=\"\" type=\"email\" name=\"your-email\" \/><\/span> <\/label>\n<\/p>\n<p><label> SEU LINKEDIN (se possuir)<br \/>\n<span class=\"wpcf7-form-control-wrap\" data-name=\"Linkedin\"><input size=\"40\" maxlength=\"400\" class=\"wpcf7-form-control wpcf7-url wpcf7-text wpcf7-validates-as-url\" aria-invalid=\"false\" value=\"\" type=\"url\" name=\"Linkedin\" \/><\/span> <\/label>\n<\/p>\n<p><label> AREA DE ATUA\u00c7\u00c3O<br \/>\n<span class=\"wpcf7-form-control-wrap\" data-name=\"atuacao\"><select class=\"wpcf7-form-control wpcf7-select\" aria-invalid=\"false\" multiple=\"multiple\" name=\"atuacao[]\"><option value=\"ADM Geral\">ADM Geral<\/option><option value=\"Comercial\">Comercial<\/option><option value=\"Controladoria\">Controladoria<\/option><option value=\"Financeiro\">Financeiro<\/option><option value=\"Florestal\">Florestal<\/option><option value=\"Jur\u00eddico\">Jur\u00eddico<\/option><option value=\"Log\u00edstica\">Log\u00edstica<\/option><option value=\"Meio Ambiente\">Meio Ambiente<\/option><option value=\"Opera\u00e7\u00e3o\">Opera\u00e7\u00e3o<\/option><option value=\"Recursos Humanos\">Recursos Humanos<\/option><option value=\"Tecnologia da Informa\u00e7\u00e3o\">Tecnologia da Informa\u00e7\u00e3o<\/option><option value=\"Outras\">Outras<\/option><\/select><\/span> <\/label>\n<\/p>\n<p><label> ASSUNTO (obrigat\u00f3rio)<br \/>\n<span class=\"wpcf7-form-control-wrap\" data-name=\"your-subject\"><input size=\"40\" maxlength=\"400\" class=\"wpcf7-form-control wpcf7-text wpcf7-validates-as-required\" aria-required=\"true\" aria-invalid=\"false\" value=\"\" type=\"text\" name=\"your-subject\" \/><\/span> <\/label>\n<\/p>\n<p><label> MENSAGEM<br \/>\n<span class=\"wpcf7-form-control-wrap\" data-name=\"your-message\"><textarea cols=\"40\" rows=\"10\" maxlength=\"2000\" class=\"wpcf7-form-control wpcf7-textarea\" aria-invalid=\"false\" name=\"your-message\"><\/textarea><\/span> <\/label>\n<\/p>\n<p><label> ANEXE O SEU CURRICULO (500kb de limite)<br \/>\n<span class=\"wpcf7-form-control-wrap\" data-name=\"arquivocurriculo\"><input size=\"40\" class=\"wpcf7-form-control wpcf7-file\" accept=\".pdf\" aria-invalid=\"false\" type=\"file\" name=\"arquivocurriculo\" \/><\/span> <\/label>\n<\/p>\n<p><input class=\"wpcf7-form-control wpcf7-submit has-spinner\" type=\"submit\" value=\"ENVIAR\" \/>\n<\/p><div class=\"wpcf7-response-output\" aria-hidden=\"true\"><\/div>\n<\/form>\n<\/div>\n[\/vc_column][vc_column width=&#8221;1\/3&#8243;][\/vc_column][\/vc_row]<\/p>","protected":false},"excerpt":{"rendered":"<p>[vc_row][vc_column width=&#8221;1\/3&#8243;][vc_column_text]Somos o Time TRC. Seja muito bem-vindo(a)! A TRC \u00e9 uma empresa feita de pessoas com valores e prop\u00f3sitos diversos. Por isso focamos muito em construir um ambiente que valorize cada vez mais o colaborador, pensando sobre solu\u00e7\u00f5es sustent\u00e1veis em busca de criar um ambiente de troca, aprendizado, colabora\u00e7\u00e3o, aceita\u00e7\u00e3o, diversidade, acolhimento e inspira\u00e7\u00e3o<\/p>\n","protected":false},"author":1,"featured_media":0,"parent":0,"menu_order":0,"comment_status":"closed","ping_status":"closed","template":"template-full.php","meta":{"footnotes":""},"class_list":["post-1394","page","type-page","status-publish","hentry"],"_links":{"self":[{"href":"https:\/\/www.teakrc.com\/pb\/wp-json\/wp\/v2\/pages\/1394","targetHints":{"allow":["GET"]}}],"collection":[{"href":"https:\/\/www.teakrc.com\/pb\/wp-json\/wp\/v2\/pages"}],"about":[{"href":"https:\/\/www.teakrc.com\/pb\/wp-json\/wp\/v2\/types\/page"}],"author":[{"embeddable":true,"href":"https:\/\/www.teakrc.com\/pb\/wp-json\/wp\/v2\/users\/1"}],"replies":[{"embeddable":true,"href":"https:\/\/www.teakrc.com\/pb\/wp-json\/wp\/v2\/comments?post=1394"}],"version-history":[{"count":13,"href":"https:\/\/www.teakrc.com\/pb\/wp-json\/wp\/v2\/pages\/1394\/revisions"}],"predecessor-version":[{"id":1830,"href":"https:\/\/www.teakrc.com\/pb\/wp-json\/wp\/v2\/pages\/1394\/revisions\/1830"}],"wp:attachment":[{"href":"https:\/\/www.teakrc.com\/pb\/wp-json\/wp\/v2\/media?parent=1394"}],"curies":[{"name":"wp","href":"https:\/\/api.w.org\/{rel}","templated":true}]}}