{"id":12,"date":"2016-09-05T15:21:39","date_gmt":"2016-09-05T18:21:39","guid":{"rendered":"http:\/\/www.teakrc.com\/?page_id=12"},"modified":"2026-02-24T10:32:38","modified_gmt":"2026-02-24T13:32:38","slug":"company","status":"publish","type":"page","link":"https:\/\/www.teakrc.com\/pb\/company\/","title":{"rendered":"EMPRESA"},"content":{"rendered":"<p>[vc_row][vc_column width=&#8221;2\/3&#8243;][vc_column_text]<\/p>\n<h3>Teak Resources Company<br \/>\nExcel\u00eancia em madeira sustent\u00e1vel.<\/h3>\n<p>[\/vc_column_text][vc_column_text]<span style=\"font-weight: 400;\">Por mais de 25 anos, a gest\u00e3o da Teak Resources Company \u2013 \u201cTRC\u201d \u2013 ganhou uma reputa\u00e7\u00e3o internacional atrav\u00e9s da produ\u00e7\u00e3o de teca no Brasil, implantando e gerenciando de forma sustent\u00e1vel o que se tornou o maior ativo florestal de teca plantada do mundo.<\/span><\/p>\n<p><span style=\"font-weight: 400;\">Unindo a expertise em silvicultura e gest\u00e3o da cadeia de suprimentos, formou-se uma marca que j\u00e1 nasceu forte, sendo considerada l\u00edder mundial na produ\u00e7\u00e3o privada de teca plantada.<\/span><\/p>\n<p><span style=\"font-weight: 400;\">Consolidamos a credibilidade e transpar\u00eancia desta jornada, mantendo um compromisso firme com a sustentabilidade de nossas opera\u00e7\u00f5es. Seguimos firme na nossa miss\u00e3o de produzir e comercializar madeira de teca de forma sustent\u00e1vel, maximizando o retorno econ\u00f4mico para todos os stakeholders.<\/span>[\/vc_column_text][vc_separator][vc_column_text]<\/p>\n<h3>Nossos diferenciais.<\/h3>\n<p>[\/vc_column_text][vc_column_text]<strong>Biotecnologia:<\/strong> Nossa madeira \u00e9 origin\u00e1ria de \u00e1rvores superiores de maior produtividade e qualidade, obtidas atrav\u00e9s de um minucioso e longo trabalho de melhoramento gen\u00e9tico.<\/p>\n<p><strong>Madeira de origem respons\u00e1vel:<\/strong> N\u00f3s apenas fornecemos madeira produzida em florestas plantadas, garantindo que a madeira oferecida atende aos mais altos padr\u00f5es de manejo florestal respons\u00e1vel.<\/p>\n<p><strong>Padroniza\u00e7\u00e3o da qualidade:<\/strong> Nossa gest\u00e3o adequada e permanente das florestas contribui para a produ\u00e7\u00e3o de madeira uniforme. Atrav\u00e9s do profundo conhecimento das demandas dos nossos clientes e controle de toda cadeia de suprimento, podemos garantir que a qualidade entregue ser\u00e1 exatamente de acordo com o contratado.<\/p>\n<p><strong>Localiza\u00e7\u00e3o privilegiada:<\/strong> A madeira que estamos comercializando \u00e9 cultivada sob as melhores condi\u00e7\u00f5es de solo e clima, adequado para o desenvolvimento em larga escala.<\/p>\n<p><strong>Tecnologia: <\/strong>Know-how desde a produ\u00e7\u00e3o de sementes e mudas, escolha de s\u00edtios adequados, plantio, manejo florestal e colheita at\u00e9 processamento, comercializa\u00e7\u00e3o e entrega dos produtos.<\/p>\n<p><strong>Cadeia de Suprimentos:<\/strong> Fornecimento cont\u00ednuo e est\u00e1vel de madeira ao longo do ano, com entregas programadas para favorecer o fluxo de caixa dos clientes e otimizar a cadeia de suprimentos.[\/vc_column_text][vc_separator][vc_column_text]Resumo P\u00fablico de Plano de Manejo Florestal TRC Par\u00e1 &#8211; <a href=\"https:\/\/www.teakrc.com\/wp-content\/uploads\/2024\/04\/Resumo-Publico_TRC_PA_2024.pdf\"><strong>CLIQUE AQUI<\/strong><\/a><\/p>\n<p>Declarac\u0327a\u0303o Pu\u0301blica e Co\u0301digo de Conduta \u2013\u00a0<strong><a href=\"https:\/\/www.teakrc.com\/wp-content\/uploads\/2025\/09\/Declaracao-Publica-e-Codigo-de-Conduta-Jul2025-vs1.pdf\">CLIQUE AQUI<\/a><\/strong><\/p>\n<p>Pol\u00edtica Interna de Compliance e Anticorrup\u00e7\u00e3o<strong> \u2013 <a href=\"https:\/\/www.teakrc.com\/wp-content\/uploads\/2026\/02\/Politica-Interna-Compliance-e-Anticorrupcao-TRC-Agroflorestal-Ltda-2026.pdf\">CLIQUE AQUI<\/a><\/strong>[\/vc_column_text][\/vc_column][vc_column width=&#8221;1\/3&#8243;]<div class=\"basic-slider royalSlider rsDefault\"><a href=\"\"><img decoding=\"async\" class=\"rsImg\" src=\"https:\/\/www.teakrc.com\/wp-content\/uploads\/2016\/09\/Empresa.png\" alt=\"\" \/><\/a><\/div>[vc_empty_space][vc_single_image image=&#8221;257&#8243; img_size=&#8221;full&#8221; alignment=&#8221;center&#8221; onclick=&#8221;custom_link&#8221; link=&#8221;http:\/\/www.teakrc.com\/logs\/&#8221; css=&#8221;.vc_custom_1474475002242{margin-bottom: 2px !important;}&#8221;][vc_single_image image=&#8221;255&#8243; img_size=&#8221;full&#8221; alignment=&#8221;center&#8221; onclick=&#8221;custom_link&#8221; link=&#8221;http:\/\/www.teakrc.com\/squares\/&#8221; css=&#8221;.vc_custom_1474475013533{margin-bottom: 2px !important;}&#8221;][vc_single_image image=&#8221;256&#8243; img_size=&#8221;full&#8221; alignment=&#8221;center&#8221; onclick=&#8221;custom_link&#8221; link=&#8221;http:\/\/www.teakrc.com\/lumber\/&#8221; css=&#8221;.vc_custom_1474475021685{margin-bottom: 2px !important;}&#8221;][vc_single_image image=&#8221;254&#8243; img_size=&#8221;full&#8221; alignment=&#8221;center&#8221; onclick=&#8221;custom_link&#8221; link=&#8221;http:\/\/www.teakrc.com\/biomass\/&#8221; css=&#8221;.vc_custom_1474475029516{margin-bottom: 2px !important;}&#8221;][\/vc_column][\/vc_row]<\/p>","protected":false},"excerpt":{"rendered":"<p>[vc_row][vc_column width=&#8221;2\/3&#8243;][vc_column_text] Teak Resources Company Excel\u00eancia em madeira sustent\u00e1vel. [\/vc_column_text][vc_column_text]Por mais de 25 anos, a gest\u00e3o da Teak Resources Company \u2013 \u201cTRC\u201d \u2013 ganhou uma reputa\u00e7\u00e3o internacional atrav\u00e9s da produ\u00e7\u00e3o de teca no Brasil, implantando e gerenciando de forma sustent\u00e1vel o que se tornou o maior ativo florestal de teca plantada do mundo. Unindo a<\/p>\n","protected":false},"author":1,"featured_media":0,"parent":0,"menu_order":0,"comment_status":"closed","ping_status":"closed","template":"","meta":{"footnotes":""},"class_list":["post-12","page","type-page","status-publish","hentry"],"_links":{"self":[{"href":"https:\/\/www.teakrc.com\/pb\/wp-json\/wp\/v2\/pages\/12","targetHints":{"allow":["GET"]}}],"collection":[{"href":"https:\/\/www.teakrc.com\/pb\/wp-json\/wp\/v2\/pages"}],"about":[{"href":"https:\/\/www.teakrc.com\/pb\/wp-json\/wp\/v2\/types\/page"}],"author":[{"embeddable":true,"href":"https:\/\/www.teakrc.com\/pb\/wp-json\/wp\/v2\/users\/1"}],"replies":[{"embeddable":true,"href":"https:\/\/www.teakrc.com\/pb\/wp-json\/wp\/v2\/comments?post=12"}],"version-history":[{"count":83,"href":"https:\/\/www.teakrc.com\/pb\/wp-json\/wp\/v2\/pages\/12\/revisions"}],"predecessor-version":[{"id":1975,"href":"https:\/\/www.teakrc.com\/pb\/wp-json\/wp\/v2\/pages\/12\/revisions\/1975"}],"wp:attachment":[{"href":"https:\/\/www.teakrc.com\/pb\/wp-json\/wp\/v2\/media?parent=12"}],"curies":[{"name":"wp","href":"https:\/\/api.w.org\/{rel}","templated":true}]}}